{"id":7,"date":"2025-08-24T15:38:01","date_gmt":"2025-08-24T15:38:01","guid":{"rendered":"https:\/\/fridawines.com\/?page_id=7"},"modified":"2025-10-17T13:05:47","modified_gmt":"2025-10-17T13:05:47","slug":"home","status":"publish","type":"page","link":"https:\/\/fridawines.com\/fi\/","title":{"rendered":"Etusivu"},"content":{"rendered":"<div data-elementor-type=\"wp-post\" data-elementor-id=\"7\" class=\"elementor elementor-7\" data-elementor-post-type=\"page\">\n\t\t\t\t<div class=\"elementor-element elementor-element-381ab84 e-flex e-con-boxed e-con e-parent\" data-id=\"381ab84\" data-element_type=\"container\" data-settings=\"{&quot;background_background&quot;:&quot;video&quot;,&quot;background_video_link&quot;:&quot;https:\\\/\\\/youtu.be\\\/ftCfFo5-yKE?si=Ug2BDUi2Lck0ktLb&quot;,&quot;background_play_on_mobile&quot;:&quot;yes&quot;}\">\n\t\t\t\t\t<div class=\"e-con-inner\">\n\t\t<div class=\"elementor-background-video-container\" aria-hidden=\"true\">\n\t\t\t\t\t\t\t<div class=\"elementor-background-video-embed\"><\/div>\n\t\t\t\t\t\t<\/div>\t\t\t<\/div>\n\t\t\t\t<\/div>\n\t\t<div class=\"elementor-element elementor-element-4d2b4ba e-flex e-con-boxed e-con e-parent\" data-id=\"4d2b4ba\" data-element_type=\"container\" data-settings=\"{&quot;background_background&quot;:&quot;classic&quot;}\">\n\t\t\t\t\t<div class=\"e-con-inner\">\n\t\t<div class=\"elementor-element elementor-element-c6df420 e-con-full e-flex e-con e-child\" data-id=\"c6df420\" data-element_type=\"container\">\n\t\t\t\t<div class=\"elementor-element elementor-element-46aa652 elementor-widget elementor-widget-image\" data-id=\"46aa652\" data-element_type=\"widget\" data-widget_type=\"image.default\">\n\t\t\t\t\t\t\t\t\t\t\t\t\t\t\t<img fetchpriority=\"high\" decoding=\"async\" width=\"800\" height=\"800\" src=\"https:\/\/fridawines.com\/wp-content\/uploads\/2025\/08\/flores-3.png\" class=\"attachment-large size-large wp-image-16\" alt=\"\" srcset=\"https:\/\/fridawines.com\/wp-content\/uploads\/2025\/08\/flores-3.png 1000w, https:\/\/fridawines.com\/wp-content\/uploads\/2025\/08\/flores-3-300x300.png 300w, https:\/\/fridawines.com\/wp-content\/uploads\/2025\/08\/flores-3-150x150.png 150w, https:\/\/fridawines.com\/wp-content\/uploads\/2025\/08\/flores-3-768x768.png 768w\" sizes=\"(max-width: 800px) 100vw, 800px\" \/>\t\t\t\t\t\t\t\t\t\t\t\t\t\t\t<\/div>\n\t\t\t\t<div class=\"elementor-element elementor-element-12e1ed3 elementor-widget elementor-widget-text-editor\" data-id=\"12e1ed3\" data-element_type=\"widget\" data-widget_type=\"text-editor.default\">\n\t\t\t\t\t\t\t\t\t<p>Frida on enemm\u00e4n kuin nimi; h\u00e4n on symboli kaipaukselle ja yst\u00e4v\u00e4llisyyden etsimiselle maailmassa. Kuin pieni lintu, jolla on suuri syd\u00e4n, h\u00e4n l\u00f6yt\u00e4\u00e4 lempe\u00e4t nurkat, joissa l\u00e4mp\u00f6, yst\u00e4vyys ja mukavuus kukoistavat.<\/p><p>H\u00e4nen matkansa liikkuu vapauden korkeuksissa ja maanl\u00e4heisen el\u00e4m\u00e4n sykkeess\u00e4 - elegantti ilon ja l\u00e4sn\u00e4olon tanssi. H\u00e4nen henkens\u00e4 innoittamana tuotemerkkimme kutsuu sinut nauttimaan el\u00e4m\u00e4n yksinkertaisista nautinnoista: yhteisest\u00e4 naurusta, merkityksellisist\u00e4 yhteyksist\u00e4 ja vapaudesta valita, miten ja miss\u00e4 ollaan.<\/p><p>Jokaisella viinilasillisella Frida juhlistaa n\u00e4it\u00e4 hetki\u00e4 - niit\u00e4 kuohuvia tilaisuuksia, joissa onni ei l\u00f6ydy suurista eleist\u00e4 vaan yhdess\u00e4olon hiljaisesta kauneudesta ja vapaudesta nauttia el\u00e4m\u00e4n lennosta.<\/p>\t\t\t\t\t\t\t\t<\/div>\n\t\t\t\t<\/div>\n\t\t<div class=\"elementor-element elementor-element-145c878 e-con-full e-flex e-con e-child\" data-id=\"145c878\" data-element_type=\"container\" data-settings=\"{&quot;background_background&quot;:&quot;video&quot;,&quot;motion_fx_motion_fx_scrolling&quot;:&quot;yes&quot;,&quot;motion_fx_devices&quot;:[&quot;desktop&quot;,&quot;tablet&quot;,&quot;mobile&quot;]}\">\n\t\t\t\t<div class=\"elementor-element elementor-element-fb636b6 mi-video elementor-widget elementor-widget-video\" data-id=\"fb636b6\" data-element_type=\"widget\" data-settings=\"{&quot;video_type&quot;:&quot;hosted&quot;,&quot;autoplay&quot;:&quot;yes&quot;,&quot;play_on_mobile&quot;:&quot;yes&quot;,&quot;mute&quot;:&quot;yes&quot;,&quot;loop&quot;:&quot;yes&quot;}\" data-widget_type=\"video.default\">\n\t\t\t\t\t\t\t<div class=\"e-hosted-video elementor-wrapper elementor-open-inline\">\n\t\t\t\t\t<video class=\"elementor-video\" src=\"https:\/\/batlledigital.com\/pajaro.mp4\" autoplay=\"\" loop=\"\" muted=\"muted\" playsinline=\"\" controlslist=\"nodownload\"><\/video>\n\t\t\t\t<\/div>\n\t\t\t\t\t\t<\/div>\n\t\t\t\t<div class=\"elementor-element elementor-element-ac994a4 elementor-align-center elementor-widget elementor-widget-button\" data-id=\"ac994a4\" data-element_type=\"widget\" data-widget_type=\"button.default\">\n\t\t\t\t\t\t\t\t\t\t<a class=\"elementor-button elementor-button-link elementor-size-sm\" href=\"#elementor-action%3Aaction%3Dpopup%3Aopen%26settings%3DeyJpZCI6IjI2MyIsInRvZ2dsZSI6ZmFsc2V9\">\n\t\t\t\t\t\t<span class=\"elementor-button-content-wrapper\">\n\t\t\t\t\t\t\t\t\t<span class=\"elementor-button-text\">Ota yhteytt\u00e4<\/span>\n\t\t\t\t\t<\/span>\n\t\t\t\t\t<\/a>\n\t\t\t\t\t\t\t\t<\/div>\n\t\t\t\t<\/div>\n\t\t\t\t\t<\/div>\n\t\t\t\t<\/div>\n\t\t<div class=\"elementor-element elementor-element-3632451 e-flex e-con-boxed e-con e-parent\" data-id=\"3632451\" data-element_type=\"container\" data-settings=\"{&quot;background_background&quot;:&quot;classic&quot;}\">\n\t\t\t\t\t<div class=\"e-con-inner\">\n\t\t\t\t\t<\/div>\n\t\t\t\t<\/div>\n\t\t\t\t<\/div>","protected":false},"excerpt":{"rendered":"<p>Frida on enemm\u00e4n kuin nimi; h\u00e4n on symboli kaipaukselle ja yst\u00e4v\u00e4llisyyden etsimiselle maailmassa. Kuin pieni lintu, jolla on suuri syd\u00e4n, h\u00e4n l\u00f6yt\u00e4\u00e4 lempe\u00e4t nurkat, joissa l\u00e4mp\u00f6, yst\u00e4vyys ja mukavuus kukoistavat. H\u00e4nen matkansa kulkee vapauden kohoavien korkeuksien ja maanl\u00e4heisen, elinvoimaisen el\u00e4m\u00e4n v\u00e4lill\u00e4 - [...].<\/p>","protected":false},"author":1,"featured_media":0,"parent":0,"menu_order":0,"comment_status":"closed","ping_status":"closed","template":"","meta":{"footnotes":""},"class_list":["post-7","page","type-page","status-publish","hentry"],"yoast_head":"<!-- This site is optimized with the Yoast SEO plugin v26.4 - https:\/\/yoast.com\/wordpress\/plugins\/seo\/ -->\n<title>Home - fridawines.com<\/title>\n<meta name=\"robots\" content=\"index, follow, max-snippet:-1, max-image-preview:large, max-video-preview:-1\" \/>\n<link rel=\"canonical\" href=\"https:\/\/fridawines.com\/fi\/\" \/>\n<meta property=\"og:locale\" content=\"fi_FI\" \/>\n<meta property=\"og:type\" content=\"article\" \/>\n<meta property=\"og:title\" content=\"Home - fridawines.com\" \/>\n<meta property=\"og:description\" content=\"Frida is more than a name; she is a symbol of longing and the search for kindness in the world. Like a small bird with a big heart, she finds the gentle corners where warmth, friendship, and comfort thrive. Her journey moves between soaring heights of freedom and the vibrant life close to the earth\u2014an [&hellip;]\" \/>\n<meta property=\"og:url\" content=\"https:\/\/fridawines.com\/fi\/\" \/>\n<meta property=\"og:site_name\" content=\"fridawines.com\" \/>\n<meta property=\"article:modified_time\" content=\"2025-10-17T13:05:47+00:00\" \/>\n<meta property=\"og:image\" content=\"https:\/\/fridawines.com\/wp-content\/uploads\/2025\/08\/flores-3.png\" \/>\n\t<meta property=\"og:image:width\" content=\"1000\" \/>\n\t<meta property=\"og:image:height\" content=\"1000\" \/>\n\t<meta property=\"og:image:type\" content=\"image\/png\" \/>\n<meta name=\"twitter:card\" content=\"summary_large_image\" \/>\n<meta name=\"twitter:label1\" content=\"Arvioitu lukuaika\" \/>\n\t<meta name=\"twitter:data1\" content=\"1 minuutti\" \/>\n<script type=\"application\/ld+json\" class=\"yoast-schema-graph\">{\"@context\":\"https:\/\/schema.org\",\"@graph\":[{\"@type\":\"WebPage\",\"@id\":\"https:\/\/fridawines.com\/\",\"url\":\"https:\/\/fridawines.com\/\",\"name\":\"Home - fridawines.com\",\"isPartOf\":{\"@id\":\"https:\/\/fridawines.com\/#website\"},\"primaryImageOfPage\":{\"@id\":\"https:\/\/fridawines.com\/#primaryimage\"},\"image\":{\"@id\":\"https:\/\/fridawines.com\/#primaryimage\"},\"thumbnailUrl\":\"https:\/\/fridawines.com\/wp-content\/uploads\/2025\/08\/flores-3.png\",\"datePublished\":\"2025-08-24T15:38:01+00:00\",\"dateModified\":\"2025-10-17T13:05:47+00:00\",\"breadcrumb\":{\"@id\":\"https:\/\/fridawines.com\/#breadcrumb\"},\"inLanguage\":\"fi\",\"potentialAction\":[{\"@type\":\"ReadAction\",\"target\":[\"https:\/\/fridawines.com\/\"]}]},{\"@type\":\"ImageObject\",\"inLanguage\":\"fi\",\"@id\":\"https:\/\/fridawines.com\/#primaryimage\",\"url\":\"https:\/\/fridawines.com\/wp-content\/uploads\/2025\/08\/flores-3.png\",\"contentUrl\":\"https:\/\/fridawines.com\/wp-content\/uploads\/2025\/08\/flores-3.png\"},{\"@type\":\"BreadcrumbList\",\"@id\":\"https:\/\/fridawines.com\/#breadcrumb\",\"itemListElement\":[{\"@type\":\"ListItem\",\"position\":1,\"name\":\"Portada\",\"item\":\"https:\/\/fridawines.com\/\"},{\"@type\":\"ListItem\",\"position\":2,\"name\":\"Home\"}]},{\"@type\":\"WebSite\",\"@id\":\"https:\/\/fridawines.com\/#website\",\"url\":\"https:\/\/fridawines.com\/\",\"name\":\"fridawines.com\",\"description\":\"\",\"publisher\":{\"@id\":\"https:\/\/fridawines.com\/#organization\"},\"potentialAction\":[{\"@type\":\"SearchAction\",\"target\":{\"@type\":\"EntryPoint\",\"urlTemplate\":\"https:\/\/fridawines.com\/?s={search_term_string}\"},\"query-input\":{\"@type\":\"PropertyValueSpecification\",\"valueRequired\":true,\"valueName\":\"search_term_string\"}}],\"inLanguage\":\"fi\"},{\"@type\":\"Organization\",\"@id\":\"https:\/\/fridawines.com\/#organization\",\"name\":\"fridawines.com\",\"url\":\"https:\/\/fridawines.com\/\",\"logo\":{\"@type\":\"ImageObject\",\"inLanguage\":\"fi\",\"@id\":\"https:\/\/fridawines.com\/#\/schema\/logo\/image\/\",\"url\":\"https:\/\/fridawines.com\/wp-content\/uploads\/2025\/08\/logo-frida-OW.png\",\"contentUrl\":\"https:\/\/fridawines.com\/wp-content\/uploads\/2025\/08\/logo-frida-OW.png\",\"width\":762,\"height\":656,\"caption\":\"fridawines.com\"},\"image\":{\"@id\":\"https:\/\/fridawines.com\/#\/schema\/logo\/image\/\"}}]}<\/script>\n<!-- \/ Yoast SEO plugin. -->","yoast_head_json":{"title":"Etusivu - fridawines.com","robots":{"index":"index","follow":"follow","max-snippet":"max-snippet:-1","max-image-preview":"max-image-preview:large","max-video-preview":"max-video-preview:-1"},"canonical":"https:\/\/fridawines.com\/fi\/","og_locale":"fi_FI","og_type":"article","og_title":"Home - fridawines.com","og_description":"Frida is more than a name; she is a symbol of longing and the search for kindness in the world. Like a small bird with a big heart, she finds the gentle corners where warmth, friendship, and comfort thrive. Her journey moves between soaring heights of freedom and the vibrant life close to the earth\u2014an [&hellip;]","og_url":"https:\/\/fridawines.com\/fi\/","og_site_name":"fridawines.com","article_modified_time":"2025-10-17T13:05:47+00:00","og_image":[{"width":1000,"height":1000,"url":"https:\/\/fridawines.com\/wp-content\/uploads\/2025\/08\/flores-3.png","type":"image\/png"}],"twitter_card":"summary_large_image","twitter_misc":{"Arvioitu lukuaika":"1 minuutti"},"schema":{"@context":"https:\/\/schema.org","@graph":[{"@type":"WebPage","@id":"https:\/\/fridawines.com\/","url":"https:\/\/fridawines.com\/","name":"Etusivu - fridawines.com","isPartOf":{"@id":"https:\/\/fridawines.com\/#website"},"primaryImageOfPage":{"@id":"https:\/\/fridawines.com\/#primaryimage"},"image":{"@id":"https:\/\/fridawines.com\/#primaryimage"},"thumbnailUrl":"https:\/\/fridawines.com\/wp-content\/uploads\/2025\/08\/flores-3.png","datePublished":"2025-08-24T15:38:01+00:00","dateModified":"2025-10-17T13:05:47+00:00","breadcrumb":{"@id":"https:\/\/fridawines.com\/#breadcrumb"},"inLanguage":"fi","potentialAction":[{"@type":"ReadAction","target":["https:\/\/fridawines.com\/"]}]},{"@type":"ImageObject","inLanguage":"fi","@id":"https:\/\/fridawines.com\/#primaryimage","url":"https:\/\/fridawines.com\/wp-content\/uploads\/2025\/08\/flores-3.png","contentUrl":"https:\/\/fridawines.com\/wp-content\/uploads\/2025\/08\/flores-3.png"},{"@type":"BreadcrumbList","@id":"https:\/\/fridawines.com\/#breadcrumb","itemListElement":[{"@type":"ListItem","position":1,"name":"Portada","item":"https:\/\/fridawines.com\/"},{"@type":"ListItem","position":2,"name":"Home"}]},{"@type":"WebSite","@id":"https:\/\/fridawines.com\/#website","url":"https:\/\/fridawines.com\/","name":"fridawines.com","description":"","publisher":{"@id":"https:\/\/fridawines.com\/#organization"},"potentialAction":[{"@type":"SearchAction","target":{"@type":"EntryPoint","urlTemplate":"https:\/\/fridawines.com\/?s={search_term_string}"},"query-input":{"@type":"PropertyValueSpecification","valueRequired":true,"valueName":"search_term_string"}}],"inLanguage":"fi"},{"@type":"Organization","@id":"https:\/\/fridawines.com\/#organization","name":"fridawines.com","url":"https:\/\/fridawines.com\/","logo":{"@type":"ImageObject","inLanguage":"fi","@id":"https:\/\/fridawines.com\/#\/schema\/logo\/image\/","url":"https:\/\/fridawines.com\/wp-content\/uploads\/2025\/08\/logo-frida-OW.png","contentUrl":"https:\/\/fridawines.com\/wp-content\/uploads\/2025\/08\/logo-frida-OW.png","width":762,"height":656,"caption":"fridawines.com"},"image":{"@id":"https:\/\/fridawines.com\/#\/schema\/logo\/image\/"}}]}},"_links":{"self":[{"href":"https:\/\/fridawines.com\/fi\/wp-json\/wp\/v2\/pages\/7","targetHints":{"allow":["GET"]}}],"collection":[{"href":"https:\/\/fridawines.com\/fi\/wp-json\/wp\/v2\/pages"}],"about":[{"href":"https:\/\/fridawines.com\/fi\/wp-json\/wp\/v2\/types\/page"}],"author":[{"embeddable":true,"href":"https:\/\/fridawines.com\/fi\/wp-json\/wp\/v2\/users\/1"}],"replies":[{"embeddable":true,"href":"https:\/\/fridawines.com\/fi\/wp-json\/wp\/v2\/comments?post=7"}],"version-history":[{"count":77,"href":"https:\/\/fridawines.com\/fi\/wp-json\/wp\/v2\/pages\/7\/revisions"}],"predecessor-version":[{"id":347,"href":"https:\/\/fridawines.com\/fi\/wp-json\/wp\/v2\/pages\/7\/revisions\/347"}],"wp:attachment":[{"href":"https:\/\/fridawines.com\/fi\/wp-json\/wp\/v2\/media?parent=7"}],"curies":[{"name":"wp","href":"https:\/\/api.w.org\/{rel}","templated":true}]}}