{"id":20,"date":"2025-08-24T15:37:18","date_gmt":"2025-08-24T15:37:18","guid":{"rendered":"https:\/\/fridawines.com\/?page_id=20"},"modified":"2025-10-17T13:06:59","modified_gmt":"2025-10-17T13:06:59","slug":"our-wines","status":"publish","type":"page","link":"https:\/\/fridawines.com\/fi\/our-wines\/","title":{"rendered":"Viinimme"},"content":{"rendered":"<div data-elementor-type=\"wp-page\" data-elementor-id=\"20\" class=\"elementor elementor-20\" data-elementor-post-type=\"page\">\n\t\t\t\t<div class=\"elementor-element elementor-element-74f4e02 e-flex e-con-boxed e-con e-parent\" data-id=\"74f4e02\" data-element_type=\"container\" data-settings=\"{&quot;background_background&quot;:&quot;video&quot;,&quot;background_video_link&quot;:&quot;https:\\\/\\\/youtu.be\\\/34V4mGsJz0I&quot;,&quot;background_play_on_mobile&quot;:&quot;yes&quot;}\">\n\t\t\t\t\t<div class=\"e-con-inner\">\n\t\t<div class=\"elementor-background-video-container\" aria-hidden=\"true\">\n\t\t\t\t\t\t\t<div class=\"elementor-background-video-embed\"><\/div>\n\t\t\t\t\t\t<\/div>\t\t\t<\/div>\n\t\t\t\t<\/div>\n\t\t<div class=\"elementor-element elementor-element-c7b4f7a e-flex e-con-boxed e-con e-parent\" data-id=\"c7b4f7a\" data-element_type=\"container\" data-settings=\"{&quot;background_background&quot;:&quot;classic&quot;}\">\n\t\t\t\t\t<div class=\"e-con-inner\">\n\t\t<div class=\"elementor-element elementor-element-cf5138d e-con-full e-flex e-con e-child\" data-id=\"cf5138d\" data-element_type=\"container\">\n\t\t\t\t<div class=\"elementor-element elementor-element-87e2ace elementor-widget elementor-widget-image\" data-id=\"87e2ace\" data-element_type=\"widget\" data-widget_type=\"image.default\">\n\t\t\t\t\t\t\t\t\t\t\t\t\t\t\t<img fetchpriority=\"high\" decoding=\"async\" width=\"800\" height=\"800\" src=\"https:\/\/fridawines.com\/wp-content\/uploads\/2025\/08\/flores-2.png\" class=\"attachment-large size-large wp-image-17\" alt=\"\" srcset=\"https:\/\/fridawines.com\/wp-content\/uploads\/2025\/08\/flores-2.png 1000w, https:\/\/fridawines.com\/wp-content\/uploads\/2025\/08\/flores-2-300x300.png 300w, https:\/\/fridawines.com\/wp-content\/uploads\/2025\/08\/flores-2-150x150.png 150w, https:\/\/fridawines.com\/wp-content\/uploads\/2025\/08\/flores-2-768x768.png 768w\" sizes=\"(max-width: 800px) 100vw, 800px\" \/>\t\t\t\t\t\t\t\t\t\t\t\t\t\t\t<\/div>\n\t\t\t\t<div class=\"elementor-element elementor-element-6e09e0c elementor-widget elementor-widget-text-editor\" data-id=\"6e09e0c\" data-element_type=\"widget\" data-widget_type=\"text-editor.default\">\n\t\t\t\t\t\t\t\t\t<p>T\u00e4m\u00e4 Espanjasta per\u00e4isin oleva luonnonmukainen valkoviini on tyypillisesti raikas ja elinvoimainen, mik\u00e4 johtuu sen tuotannossa k\u00e4ytetyist\u00e4 luonnollisista ja kest\u00e4vist\u00e4 viljelyk\u00e4yt\u00e4nn\u00f6ist\u00e4.Se tarjoaa raikkaan hapokkuuden sek\u00e4 kirkkaita sitrushedelmien ja vihre\u00e4n omenan s\u00e4vyj\u00e4.<\/p><p>Luomuviljelyn ansiosta terroir tulee esiin ja tuo esiin hienovaraisia kukka-aromeja ja vivahteita kivenn\u00e4ishedelmist\u00e4, kuten persikasta tai aprikoosista.<\/p><p>Maultaan se on yleens\u00e4 kevyt tai keskit\u00e4ytel\u00e4inen, ja siin\u00e4 on puhdas, virkist\u00e4v\u00e4 j\u00e4lkimaku ja mineraalisia vivahteita, jotka heijastavat espanjalaista maaper\u00e4\u00e4. Ilman synteettisi\u00e4 kemikaaleja tai lis\u00e4aineita t\u00e4m\u00e4 viini tarjoaa puhtaan, aidon makuel\u00e4myksen, joka sopii erinomaisesti merenel\u00e4vien, kevyiden tapasten tai raikkaiden salaattien seuraan.<\/p>\t\t\t\t\t\t\t\t<\/div>\n\t\t\t\t<\/div>\n\t\t<div class=\"elementor-element elementor-element-e8f05b5 e-con-full e-flex e-con e-child\" data-id=\"e8f05b5\" data-element_type=\"container\">\n\t\t<div class=\"elementor-element elementor-element-db71360 e-con-full e-flex e-con e-child\" data-id=\"db71360\" data-element_type=\"container\">\n\t\t\t\t<div class=\"elementor-element elementor-element-e48a016 elementor-widget elementor-widget-heading\" data-id=\"e48a016\" data-element_type=\"widget\" data-widget_type=\"heading.default\">\n\t\t\t\t\t<h2 class=\"elementor-heading-title elementor-size-default\">FRIDA luomuvalkoviini<\/h2>\t\t\t\t<\/div>\n\t\t\t\t<div class=\"elementor-element elementor-element-2ef9c8c elementor-widget elementor-widget-text-editor\" data-id=\"2ef9c8c\" data-element_type=\"widget\" data-widget_type=\"text-editor.default\">\n\t\t\t\t\t\t\t\t\t<p>Tutustu FRIDA-luomuvalkoviinin virkist\u00e4v\u00e4\u00e4n makuun - raikas ja raikas, suunniteltu niille, jotka arvostavat puhtautta jokaisessa kulauksessa. Kest\u00e4v\u00e4\u00e4n pakkaukseen pakattuna se on ymp\u00e4rist\u00f6yst\u00e4v\u00e4llinen valinta, joka t\u00e4ydent\u00e4\u00e4 sitoutumistasi planeettaan. T\u00e4ydellinen mihin tahansa tilaisuuteen, olipa kyse sitten rennosta yhdess\u00e4olosta tai erityisest\u00e4 juhlasta, FRIDA kutsuu sinut jakamaan ikimuistoisia hetki\u00e4 parhaassa seurassa. Kevyt, elinvoimainen ja vaivattoman tyylik\u00e4s - t\u00e4m\u00e4 valkoviini on tehty nautittavaksi yhdess\u00e4.<\/p>\t\t\t\t\t\t\t\t<\/div>\n\t\t\t\t<div class=\"elementor-element elementor-element-6757cdd elementor-widget elementor-widget-n-accordion\" data-id=\"6757cdd\" data-element_type=\"widget\" data-settings=\"{&quot;default_state&quot;:&quot;all_collapsed&quot;,&quot;max_items_expended&quot;:&quot;one&quot;,&quot;n_accordion_animation_duration&quot;:{&quot;unit&quot;:&quot;ms&quot;,&quot;size&quot;:400,&quot;sizes&quot;:[]}}\" data-widget_type=\"nested-accordion.default\">\n\t\t\t\t\t\t\t<div class=\"e-n-accordion\" aria-label=\"Harmonikka. Avaa linkit Enterill\u00e4 tai v\u00e4lily\u00f6nnill\u00e4, sulje linkit Escape-n\u00e4pp\u00e4imell\u00e4 ja navigoi nuolin\u00e4pp\u00e4imill\u00e4.\">\n\t\t\t\t\t\t<details id=\"e-n-accordion-item-1080\" class=\"e-n-accordion-item\" >\n\t\t\t\t<summary class=\"e-n-accordion-item-title\" data-accordion-index=\"1\" tabindex=\"0\" aria-expanded=\"false\" aria-controls=\"e-n-accordion-item-1080\" >\n\t\t\t\t\t<span class='e-n-accordion-item-title-header'><div class=\"e-n-accordion-item-title-text\"> Makuulla <\/div><\/span>\n\t\t\t\t\t\t\t<span class='e-n-accordion-item-title-icon'>\n\t\t\t<span class='e-opened' ><svg aria-hidden=\"true\" class=\"e-font-icon-svg e-fas-minus\" viewbox=\"0 0 448 512\" xmlns=\"http:\/\/www.w3.org\/2000\/svg\"><path d=\"M416 208H32c-17.67 0-32 14.33-32 32v32c0 17.67 14.33 32 32 32h384c17.67 0 32-14.33 32-32v-32c0-17.67-14.33-32-32-32z\"><\/path><\/svg><\/span>\n\t\t\t<span class='e-closed'><svg aria-hidden=\"true\" class=\"e-font-icon-svg e-fas-plus\" viewbox=\"0 0 448 512\" xmlns=\"http:\/\/www.w3.org\/2000\/svg\"><path d=\"M416 208H272V64c0-17.67-14.33-32-32-32h-32c-17.67 0-32 14.33-32 32v144H32c-17.67 0-32 14.33-32 32v32c0 17.67 14.33 32 32 32h144v144c0 17.67 14.33 32 32 32h32c17.67 0 32-14.33 32-32V304h144c17.67 0 32-14.33 32-32v-32c0-17.67-14.33-32-32-32z\"><\/path><\/svg><\/span>\n\t\t<\/span>\n\n\t\t\t\t\t\t<\/summary>\n\t\t\t\t<div role=\"region\" aria-labelledby=\"e-n-accordion-item-1080\" class=\"elementor-element elementor-element-e01187b e-con-full e-flex e-con e-child\" data-id=\"e01187b\" data-element_type=\"container\">\n\t\t\t\t<div class=\"elementor-element elementor-element-11d017f elementor-widget elementor-widget-text-editor\" data-id=\"11d017f\" data-element_type=\"widget\" data-widget_type=\"text-editor.default\">\n\t\t\t\t\t\t\t\t\t<p>FRIDA-luomuvalkoviini tervehtii suutasi kirkkailla sitrushedelmien aromeilla - ajattele tuoretta sitruunaa ja raikasta vihre\u00e4\u00e4 omenaa - joita tasapainottavat valkoisten kukkien hienovaraiset kukkaiset vivahteet. Maku on raikas ja eloisa, ja siin\u00e4 on virkist\u00e4v\u00e4\u00e4 hapokkuutta ja puhdas, mineraalinen loppu, joka j\u00e4tt\u00e4\u00e4 halun haluamaan lis\u00e4\u00e4. Kevytrunkoinen ja elinvoimainen viini on luomuviiniryp\u00e4leiden puhdas ilmentym\u00e4, jossa on luonnollista raikkautta ja eleganssia.<\/p>\t\t\t\t\t\t\t\t<\/div>\n\t\t\t\t<\/div>\n\t\t\t\t\t<\/details>\n\t\t\t\t\t\t<details id=\"e-n-accordion-item-1081\" class=\"e-n-accordion-item\" >\n\t\t\t\t<summary class=\"e-n-accordion-item-title\" data-accordion-index=\"2\" tabindex=\"-1\" aria-expanded=\"false\" aria-controls=\"e-n-accordion-item-1081\" >\n\t\t\t\t\t<span class='e-n-accordion-item-title-header'><div class=\"e-n-accordion-item-title-text\"> Parit <\/div><\/span>\n\t\t\t\t\t\t\t<span class='e-n-accordion-item-title-icon'>\n\t\t\t<span class='e-opened' ><svg aria-hidden=\"true\" class=\"e-font-icon-svg e-fas-minus\" viewbox=\"0 0 448 512\" xmlns=\"http:\/\/www.w3.org\/2000\/svg\"><path d=\"M416 208H32c-17.67 0-32 14.33-32 32v32c0 17.67 14.33 32 32 32h384c17.67 0 32-14.33 32-32v-32c0-17.67-14.33-32-32-32z\"><\/path><\/svg><\/span>\n\t\t\t<span class='e-closed'><svg aria-hidden=\"true\" class=\"e-font-icon-svg e-fas-plus\" viewbox=\"0 0 448 512\" xmlns=\"http:\/\/www.w3.org\/2000\/svg\"><path d=\"M416 208H272V64c0-17.67-14.33-32-32-32h-32c-17.67 0-32 14.33-32 32v144H32c-17.67 0-32 14.33-32 32v32c0 17.67 14.33 32 32 32h144v144c0 17.67 14.33 32 32 32h32c17.67 0 32-14.33 32-32V304h144c17.67 0 32-14.33 32-32v-32c0-17.67-14.33-32-32-32z\"><\/path><\/svg><\/span>\n\t\t<\/span>\n\n\t\t\t\t\t\t<\/summary>\n\t\t\t\t<div role=\"region\" aria-labelledby=\"e-n-accordion-item-1081\" class=\"elementor-element elementor-element-03e9bcd e-con-full e-flex e-con e-child\" data-id=\"03e9bcd\" data-element_type=\"container\">\n\t\t\t\t<div class=\"elementor-element elementor-element-709893a elementor-widget elementor-widget-text-editor\" data-id=\"709893a\" data-element_type=\"widget\" data-widget_type=\"text-editor.default\">\n\t\t\t\t\t\t\t\t\t<ul><li>Tuoreita merenel\u00e4vi\u00e4, kuten ceviche, grillattuja katkarapuja tai ostereita.<\/li><li>Kevyet salaatit sitrusvinaigrettea tai vuohenjuustoa sis\u00e4lt\u00e4vill\u00e4 salaateilla.<\/li><li>Pehme\u00e4t juustot, kuten brie tai mozzarella.<\/li><li>Aasialaisvaikutteinen keitti\u00f6, kuten sushi tai thaimaalaiset kev\u00e4tk\u00e4\u00e4ryleet.<\/li><li>Kevyet pastaruoat oliivi\u00f6ljyn, sitruunan ja yrttien kanssa<\/li><\/ul>\t\t\t\t\t\t\t\t<\/div>\n\t\t\t\t<\/div>\n\t\t\t\t\t<\/details>\n\t\t\t\t\t<\/div>\n\t\t\t\t\t\t<\/div>\n\t\t\t\t<div class=\"elementor-element elementor-element-df0ebe4 elementor-align-left elementor-widget elementor-widget-button\" data-id=\"df0ebe4\" data-element_type=\"widget\" data-widget_type=\"button.default\">\n\t\t\t\t\t\t\t\t\t\t<a class=\"elementor-button elementor-button-link elementor-size-sm\" href=\"#elementor-action%3Aaction%3Dpopup%3Aopen%26settings%3DeyJpZCI6IjI2MyIsInRvZ2dsZSI6ZmFsc2V9\">\n\t\t\t\t\t\t<span class=\"elementor-button-content-wrapper\">\n\t\t\t\t\t\t\t\t\t<span class=\"elementor-button-text\">Ota yhteytt\u00e4<\/span>\n\t\t\t\t\t<\/span>\n\t\t\t\t\t<\/a>\n\t\t\t\t\t\t\t\t<\/div>\n\t\t\t\t<\/div>\n\t\t\t\t<div class=\"elementor-element elementor-element-23497d5 elementor-widget elementor-widget-image\" data-id=\"23497d5\" data-element_type=\"widget\" data-widget_type=\"image.default\">\n\t\t\t\t\t\t\t\t\t\t\t\t\t\t\t\t<a href=\"https:\/\/fridawines.com\/wp-content\/uploads\/2025\/08\/Mockup-Frida-tetra.png\" data-elementor-open-lightbox=\"yes\" data-elementor-lightbox-title=\"Mockup-Frida-tetra\" data-e-action-hash=\"#elementor-action%3Aaction%3Dlightbox%26settings%3DeyJpZCI6OTIsInVybCI6Imh0dHBzOlwvXC9mcmlkYXdpbmVzLmNvbVwvd3AtY29udGVudFwvdXBsb2Fkc1wvMjAyNVwvMDhcL01vY2t1cC1GcmlkYS10ZXRyYS5wbmcifQ%3D%3D\">\n\t\t\t\t\t\t\t<img decoding=\"async\" width=\"384\" height=\"1024\" src=\"https:\/\/fridawines.com\/wp-content\/uploads\/2025\/08\/Mockup-Frida-tetra-384x1024.png\" class=\"attachment-large size-large wp-image-92\" alt=\"FRIDA Organic White Wine\" srcset=\"https:\/\/fridawines.com\/wp-content\/uploads\/2025\/08\/Mockup-Frida-tetra-384x1024.png 384w, https:\/\/fridawines.com\/wp-content\/uploads\/2025\/08\/Mockup-Frida-tetra-112x300.png 112w, https:\/\/fridawines.com\/wp-content\/uploads\/2025\/08\/Mockup-Frida-tetra-768x2048.png 768w, https:\/\/fridawines.com\/wp-content\/uploads\/2025\/08\/Mockup-Frida-tetra-576x1536.png 576w, https:\/\/fridawines.com\/wp-content\/uploads\/2025\/08\/Mockup-Frida-tetra.png 850w\" sizes=\"(max-width: 384px) 100vw, 384px\" \/>\t\t\t\t\t\t\t\t<\/a>\n\t\t\t\t\t\t\t\t\t\t\t\t\t\t\t<\/div>\n\t\t\t\t<\/div>\n\t\t\t\t\t<\/div>\n\t\t\t\t<\/div>\n\t\t<div class=\"elementor-element elementor-element-5d2ac53 e-flex e-con-boxed e-con e-parent\" data-id=\"5d2ac53\" data-element_type=\"container\" data-settings=\"{&quot;background_background&quot;:&quot;classic&quot;}\">\n\t\t\t\t\t<div class=\"e-con-inner\">\n\t\t\t\t<div class=\"elementor-element elementor-element-c825ac2 elementor-widget__width-initial elementor-widget elementor-widget-video\" data-id=\"c825ac2\" data-element_type=\"widget\" data-settings=\"{&quot;video_type&quot;:&quot;hosted&quot;,&quot;autoplay&quot;:&quot;yes&quot;,&quot;play_on_mobile&quot;:&quot;yes&quot;,&quot;mute&quot;:&quot;yes&quot;,&quot;loop&quot;:&quot;yes&quot;,&quot;motion_fx_motion_fx_mouse&quot;:&quot;yes&quot;}\" data-widget_type=\"video.default\">\n\t\t\t\t\t\t\t<div class=\"e-hosted-video elementor-wrapper elementor-open-inline\">\n\t\t\t\t\t<video class=\"elementor-video\" src=\"https:\/\/batlledigital.com\/pajaro.mp4\" autoplay=\"\" loop=\"\" muted=\"muted\" playsinline=\"\" controlslist=\"nodownload\"><\/video>\n\t\t\t\t<\/div>\n\t\t\t\t\t\t<\/div>\n\t\t\t\t\t<\/div>\n\t\t\t\t<\/div>\n\t\t<div class=\"elementor-element elementor-element-8c569ec e-flex e-con-boxed e-con e-parent\" data-id=\"8c569ec\" data-element_type=\"container\" data-settings=\"{&quot;background_background&quot;:&quot;classic&quot;}\">\n\t\t\t\t\t<div class=\"e-con-inner\">\n\t\t\t\t\t<\/div>\n\t\t\t\t<\/div>\n\t\t\t\t<\/div>","protected":false},"excerpt":{"rendered":"<p>This organic white wine from Spain typically showcases a fresh and vibrant profile, thanks to the natural, sustainable farming practices used in its production. it delivers a crisp acidity with bright citrus and green apple notes. The organic cultivation allows the terroir to shine through, bringing subtle floral aromas and hints of stone fruits such [&hellip;]<\/p>","protected":false},"author":1,"featured_media":0,"parent":0,"menu_order":0,"comment_status":"closed","ping_status":"closed","template":"","meta":{"footnotes":""},"class_list":["post-20","page","type-page","status-publish","hentry"],"yoast_head":"<!-- This site is optimized with the Yoast SEO plugin v26.4 - https:\/\/yoast.com\/wordpress\/plugins\/seo\/ -->\n<title>Our wines - fridawines.com<\/title>\n<meta name=\"robots\" content=\"index, follow, max-snippet:-1, max-image-preview:large, max-video-preview:-1\" \/>\n<link rel=\"canonical\" href=\"https:\/\/fridawines.com\/fi\/our-wines\/\" \/>\n<meta property=\"og:locale\" content=\"fi_FI\" \/>\n<meta property=\"og:type\" content=\"article\" \/>\n<meta property=\"og:title\" content=\"Our wines - fridawines.com\" \/>\n<meta property=\"og:description\" content=\"This organic white wine from Spain typically showcases a fresh and vibrant profile, thanks to the natural, sustainable farming practices used in its production. it delivers a crisp acidity with bright citrus and green apple notes. The organic cultivation allows the terroir to shine through, bringing subtle floral aromas and hints of stone fruits such [&hellip;]\" \/>\n<meta property=\"og:url\" content=\"https:\/\/fridawines.com\/fi\/our-wines\/\" \/>\n<meta property=\"og:site_name\" content=\"fridawines.com\" \/>\n<meta property=\"article:modified_time\" content=\"2025-10-17T13:06:59+00:00\" \/>\n<meta property=\"og:image\" content=\"https:\/\/fridawines.com\/wp-content\/uploads\/2025\/08\/flores-2.png\" \/>\n\t<meta property=\"og:image:width\" content=\"1000\" \/>\n\t<meta property=\"og:image:height\" content=\"1000\" \/>\n\t<meta property=\"og:image:type\" content=\"image\/png\" \/>\n<meta name=\"twitter:card\" content=\"summary_large_image\" \/>\n<meta name=\"twitter:label1\" content=\"Arvioitu lukuaika\" \/>\n\t<meta name=\"twitter:data1\" content=\"3 minuuttia\" \/>\n<script type=\"application\/ld+json\" class=\"yoast-schema-graph\">{\"@context\":\"https:\/\/schema.org\",\"@graph\":[{\"@type\":\"WebPage\",\"@id\":\"https:\/\/fridawines.com\/our-wines\/\",\"url\":\"https:\/\/fridawines.com\/our-wines\/\",\"name\":\"Our wines - fridawines.com\",\"isPartOf\":{\"@id\":\"https:\/\/fridawines.com\/#website\"},\"primaryImageOfPage\":{\"@id\":\"https:\/\/fridawines.com\/our-wines\/#primaryimage\"},\"image\":{\"@id\":\"https:\/\/fridawines.com\/our-wines\/#primaryimage\"},\"thumbnailUrl\":\"https:\/\/fridawines.com\/wp-content\/uploads\/2025\/08\/flores-2.png\",\"datePublished\":\"2025-08-24T15:37:18+00:00\",\"dateModified\":\"2025-10-17T13:06:59+00:00\",\"breadcrumb\":{\"@id\":\"https:\/\/fridawines.com\/our-wines\/#breadcrumb\"},\"inLanguage\":\"fi\",\"potentialAction\":[{\"@type\":\"ReadAction\",\"target\":[\"https:\/\/fridawines.com\/our-wines\/\"]}]},{\"@type\":\"ImageObject\",\"inLanguage\":\"fi\",\"@id\":\"https:\/\/fridawines.com\/our-wines\/#primaryimage\",\"url\":\"https:\/\/fridawines.com\/wp-content\/uploads\/2025\/08\/flores-2.png\",\"contentUrl\":\"https:\/\/fridawines.com\/wp-content\/uploads\/2025\/08\/flores-2.png\"},{\"@type\":\"BreadcrumbList\",\"@id\":\"https:\/\/fridawines.com\/our-wines\/#breadcrumb\",\"itemListElement\":[{\"@type\":\"ListItem\",\"position\":1,\"name\":\"Portada\",\"item\":\"https:\/\/fridawines.com\/\"},{\"@type\":\"ListItem\",\"position\":2,\"name\":\"Our wines\"}]},{\"@type\":\"WebSite\",\"@id\":\"https:\/\/fridawines.com\/#website\",\"url\":\"https:\/\/fridawines.com\/\",\"name\":\"fridawines.com\",\"description\":\"\",\"publisher\":{\"@id\":\"https:\/\/fridawines.com\/#organization\"},\"potentialAction\":[{\"@type\":\"SearchAction\",\"target\":{\"@type\":\"EntryPoint\",\"urlTemplate\":\"https:\/\/fridawines.com\/?s={search_term_string}\"},\"query-input\":{\"@type\":\"PropertyValueSpecification\",\"valueRequired\":true,\"valueName\":\"search_term_string\"}}],\"inLanguage\":\"fi\"},{\"@type\":\"Organization\",\"@id\":\"https:\/\/fridawines.com\/#organization\",\"name\":\"fridawines.com\",\"url\":\"https:\/\/fridawines.com\/\",\"logo\":{\"@type\":\"ImageObject\",\"inLanguage\":\"fi\",\"@id\":\"https:\/\/fridawines.com\/#\/schema\/logo\/image\/\",\"url\":\"https:\/\/fridawines.com\/wp-content\/uploads\/2025\/08\/logo-frida-OW.png\",\"contentUrl\":\"https:\/\/fridawines.com\/wp-content\/uploads\/2025\/08\/logo-frida-OW.png\",\"width\":762,\"height\":656,\"caption\":\"fridawines.com\"},\"image\":{\"@id\":\"https:\/\/fridawines.com\/#\/schema\/logo\/image\/\"}}]}<\/script>\n<!-- \/ Yoast SEO plugin. -->","yoast_head_json":{"title":"Our wines - fridawines.com","robots":{"index":"index","follow":"follow","max-snippet":"max-snippet:-1","max-image-preview":"max-image-preview:large","max-video-preview":"max-video-preview:-1"},"canonical":"https:\/\/fridawines.com\/fi\/our-wines\/","og_locale":"fi_FI","og_type":"article","og_title":"Our wines - fridawines.com","og_description":"This organic white wine from Spain typically showcases a fresh and vibrant profile, thanks to the natural, sustainable farming practices used in its production. it delivers a crisp acidity with bright citrus and green apple notes. The organic cultivation allows the terroir to shine through, bringing subtle floral aromas and hints of stone fruits such [&hellip;]","og_url":"https:\/\/fridawines.com\/fi\/our-wines\/","og_site_name":"fridawines.com","article_modified_time":"2025-10-17T13:06:59+00:00","og_image":[{"width":1000,"height":1000,"url":"https:\/\/fridawines.com\/wp-content\/uploads\/2025\/08\/flores-2.png","type":"image\/png"}],"twitter_card":"summary_large_image","twitter_misc":{"Arvioitu lukuaika":"3 minuuttia"},"schema":{"@context":"https:\/\/schema.org","@graph":[{"@type":"WebPage","@id":"https:\/\/fridawines.com\/our-wines\/","url":"https:\/\/fridawines.com\/our-wines\/","name":"Our wines - fridawines.com","isPartOf":{"@id":"https:\/\/fridawines.com\/#website"},"primaryImageOfPage":{"@id":"https:\/\/fridawines.com\/our-wines\/#primaryimage"},"image":{"@id":"https:\/\/fridawines.com\/our-wines\/#primaryimage"},"thumbnailUrl":"https:\/\/fridawines.com\/wp-content\/uploads\/2025\/08\/flores-2.png","datePublished":"2025-08-24T15:37:18+00:00","dateModified":"2025-10-17T13:06:59+00:00","breadcrumb":{"@id":"https:\/\/fridawines.com\/our-wines\/#breadcrumb"},"inLanguage":"fi","potentialAction":[{"@type":"ReadAction","target":["https:\/\/fridawines.com\/our-wines\/"]}]},{"@type":"ImageObject","inLanguage":"fi","@id":"https:\/\/fridawines.com\/our-wines\/#primaryimage","url":"https:\/\/fridawines.com\/wp-content\/uploads\/2025\/08\/flores-2.png","contentUrl":"https:\/\/fridawines.com\/wp-content\/uploads\/2025\/08\/flores-2.png"},{"@type":"BreadcrumbList","@id":"https:\/\/fridawines.com\/our-wines\/#breadcrumb","itemListElement":[{"@type":"ListItem","position":1,"name":"Portada","item":"https:\/\/fridawines.com\/"},{"@type":"ListItem","position":2,"name":"Our wines"}]},{"@type":"WebSite","@id":"https:\/\/fridawines.com\/#website","url":"https:\/\/fridawines.com\/","name":"fridawines.com","description":"","publisher":{"@id":"https:\/\/fridawines.com\/#organization"},"potentialAction":[{"@type":"SearchAction","target":{"@type":"EntryPoint","urlTemplate":"https:\/\/fridawines.com\/?s={search_term_string}"},"query-input":{"@type":"PropertyValueSpecification","valueRequired":true,"valueName":"search_term_string"}}],"inLanguage":"fi"},{"@type":"Organization","@id":"https:\/\/fridawines.com\/#organization","name":"fridawines.com","url":"https:\/\/fridawines.com\/","logo":{"@type":"ImageObject","inLanguage":"fi","@id":"https:\/\/fridawines.com\/#\/schema\/logo\/image\/","url":"https:\/\/fridawines.com\/wp-content\/uploads\/2025\/08\/logo-frida-OW.png","contentUrl":"https:\/\/fridawines.com\/wp-content\/uploads\/2025\/08\/logo-frida-OW.png","width":762,"height":656,"caption":"fridawines.com"},"image":{"@id":"https:\/\/fridawines.com\/#\/schema\/logo\/image\/"}}]}},"_links":{"self":[{"href":"https:\/\/fridawines.com\/fi\/wp-json\/wp\/v2\/pages\/20","targetHints":{"allow":["GET"]}}],"collection":[{"href":"https:\/\/fridawines.com\/fi\/wp-json\/wp\/v2\/pages"}],"about":[{"href":"https:\/\/fridawines.com\/fi\/wp-json\/wp\/v2\/types\/page"}],"author":[{"embeddable":true,"href":"https:\/\/fridawines.com\/fi\/wp-json\/wp\/v2\/users\/1"}],"replies":[{"embeddable":true,"href":"https:\/\/fridawines.com\/fi\/wp-json\/wp\/v2\/comments?post=20"}],"version-history":[{"count":49,"href":"https:\/\/fridawines.com\/fi\/wp-json\/wp\/v2\/pages\/20\/revisions"}],"predecessor-version":[{"id":350,"href":"https:\/\/fridawines.com\/fi\/wp-json\/wp\/v2\/pages\/20\/revisions\/350"}],"wp:attachment":[{"href":"https:\/\/fridawines.com\/fi\/wp-json\/wp\/v2\/media?parent=20"}],"curies":[{"name":"wp","href":"https:\/\/api.w.org\/{rel}","templated":true}]}}