{"id":165,"date":"2025-08-26T17:41:48","date_gmt":"2025-08-26T17:41:48","guid":{"rendered":"https:\/\/fridawines.com\/?page_id=165"},"modified":"2025-08-27T18:13:56","modified_gmt":"2025-08-27T18:13:56","slug":"cookies-policy","status":"publish","type":"page","link":"https:\/\/fridawines.com\/fi\/cookies-policy\/","title":{"rendered":"Ev\u00e4stek\u00e4yt\u00e4nt\u00f6"},"content":{"rendered":"<div data-elementor-type=\"wp-page\" data-elementor-id=\"165\" class=\"elementor elementor-165\" data-elementor-post-type=\"page\">\n\t\t\t\t<div class=\"elementor-element elementor-element-83cdfe7 e-flex e-con-boxed e-con e-parent\" data-id=\"83cdfe7\" data-element_type=\"container\" data-settings=\"{&quot;background_background&quot;:&quot;classic&quot;}\">\n\t\t\t\t\t<div class=\"e-con-inner\">\n\t\t\t\t\t<\/div>\n\t\t\t\t<\/div>\n\t\t<div class=\"elementor-element elementor-element-f0d6451 e-flex e-con-boxed e-con e-parent\" data-id=\"f0d6451\" data-element_type=\"container\" data-settings=\"{&quot;background_background&quot;:&quot;classic&quot;}\">\n\t\t\t\t\t<div class=\"e-con-inner\">\n\t\t\t\t<div class=\"elementor-element elementor-element-1a1af42 elementor-widget elementor-widget-heading\" data-id=\"1a1af42\" data-element_type=\"widget\" data-widget_type=\"heading.default\">\n\t\t\t\t\t<h2 class=\"elementor-heading-title elementor-size-default\">Ev\u00e4stek\u00e4yt\u00e4nt\u00f6<\/h2>\t\t\t\t<\/div>\n\t\t\t\t<div class=\"elementor-element elementor-element-04c67dd elementor-widget elementor-widget-text-editor\" data-id=\"04c67dd\" data-element_type=\"widget\" data-widget_type=\"text-editor.default\">\n\t\t\t\t\t\t\t\t\t<p><strong>TIETOA EV\u00c4STEIST\u00c4<\/strong><br \/>Tietoyhteiskunnan palveluista ja s\u00e4hk\u00f6isest\u00e4 kaupank\u00e4ynnist\u00e4 11. hein\u00e4kuuta 2002 annetun lain 34\/2002 (LSSI), 27. huhtikuuta 2016 annetun Euroopan parlamentin ja neuvoston asetuksen (EU) 2016\/679 (yleinen tietosuoja-asetus) ja 5. joulukuuta 2018 annetun tietosuojaa ja digitaalisten oikeuksien takaamista koskevan orgaanisen lain 3\/2018 (LOPDGDD) mukaisesti on pakollista hankkia k\u00e4ytt\u00e4j\u00e4n nimenomainen suostumus kaikille verkkosivuille, jotka k\u00e4ytt\u00e4v\u00e4t k\u00e4ytett\u00e4vi\u00e4 ev\u00e4steit\u00e4, ennen kuin k\u00e4ytt\u00e4j\u00e4 selaa niit\u00e4.<br \/>Data and Guarantee of Digital Rights (LOPDGDD) mukaisesti on pakollista saada k\u00e4ytt\u00e4j\u00e4n nimenomainen suostumus kaikille verkkosivuille, jotka k\u00e4ytt\u00e4v\u00e4t luovutettavia ev\u00e4steit\u00e4, ennen kuin k\u00e4ytt\u00e4j\u00e4 selaa niit\u00e4.<\/p><p><strong>MIT\u00c4 EV\u00c4STEET OVAT?<\/strong><br \/>Ev\u00e4steet ja muut vastaavat tekniikat, kuten paikalliset jaetut objektit, flash-ev\u00e4steet tai pikselit, ovat v\u00e4lineit\u00e4, joita verkkopalvelimet k\u00e4ytt\u00e4v\u00e4t tallentaakseen ja hakiakseen tietoja k\u00e4vij\u00f6ist\u00e4 sek\u00e4 varmistaakseen sivuston asianmukaisen toiminnan. N\u00e4iden v\u00e4lineiden k\u00e4yt\u00f6n ansiosta verkkopalvelin voi muistaa joitakin k\u00e4ytt\u00e4j\u00e4\u00e4 koskevia tietoja, kuten k\u00e4ytt\u00e4j\u00e4n mieltymykset kyseisen palvelimen sivujen katseluun, nimen ja salasanan, sinua eniten kiinnostavat tuotteet jne.<\/p><p><strong>EV\u00c4STEET, JOIHIN ASETUS VAIKUTTAA, JA VAPAUTETUT EV\u00c4STEET<\/strong><br \/>EU:n direktiivin mukaan ev\u00e4steet, jotka edellytt\u00e4v\u00e4t k\u00e4ytt\u00e4j\u00e4n tietoista suostumusta, ovat analyyttiset ev\u00e4steet sek\u00e4 mainos- ja kumppanuusev\u00e4steet, lukuun ottamatta luonteeltaan teknisi\u00e4 ev\u00e4steit\u00e4 ja niit\u00e4, jotka ovat v\u00e4ltt\u00e4m\u00e4tt\u00f6mi\u00e4 verkkosivuston toiminnalle tai k\u00e4ytt\u00e4j\u00e4n nimenomaisesti pyyt\u00e4mien palvelujen tarjoamiselle.<\/p><p><strong>EV\u00c4STEIDEN TYYPPI K\u00c4YTT\u00d6TARKOITUKSEN MUKAAN<\/strong><br \/>Tekniset ja toiminnalliset ev\u00e4steet: ovat ev\u00e4steit\u00e4, joiden avulla k\u00e4ytt\u00e4j\u00e4 voi navigoida verkkosivustolla, alustalla tai sovelluksessa ja k\u00e4ytt\u00e4\u00e4 eri vaihtoehtoja tai olemassa olevia palveluja.<br \/>Analyysiev\u00e4steet: N\u00e4m\u00e4 ovat ev\u00e4steit\u00e4, joiden avulla niist\u00e4 vastaava taho voi seurata ja analysoida niiden verkkosivustojen k\u00e4ytt\u00e4jien k\u00e4ytt\u00e4ytymist\u00e4, joihin ne on linkitetty. T\u00e4m\u00e4ntyyppisten ev\u00e4steiden avulla ker\u00e4ttyj\u00e4 tietoja k\u00e4ytet\u00e4\u00e4n verkkosivustojen, sovellusten tai alustojen toiminnan mittaamiseen ja n\u00e4iden sivustojen, sovellusten ja alustojen k\u00e4ytt\u00e4jien navigointiprofiilien kehitt\u00e4miseen, jotta voidaan ottaa k\u00e4ytt\u00f6\u00f6n parannuksia, jotka perustuvat palvelun k\u00e4ytt\u00e4jien tekemien k\u00e4ytt\u00f6tietojen analysointiin.<br \/>Mainosev\u00e4steet: ovat ev\u00e4steit\u00e4, joiden avulla voidaan hallita mahdollisimman tehokkaasti mainospaikkoja, jotka kustantaja on tarvittaessa sis\u00e4llytt\u00e4nyt verkkosivustolle, sovellukseen tai alustalle, josta se tarjoaa pyydetty\u00e4 palvelua, esimerkiksi muokatun sis\u00e4ll\u00f6n tai n\u00e4ytt\u00e4mistiheyden perusteella.<br \/>mainoksia n\u00e4ytet\u00e4\u00e4n.<br \/>K\u00e4ytt\u00e4ytymiseen perustuvan mainonnan ev\u00e4steet: n\u00e4m\u00e4 ker\u00e4\u00e4v\u00e4t tietoa k\u00e4ytt\u00e4j\u00e4n mieltymyksist\u00e4 ja henkil\u00f6kohtaisista valinnoista (uudelleenkohdentaminen), jotta voidaan hallita mahdollisimman tehokkaasti mainospaikkoja, jotka kustantaja on tarvittaessa sis\u00e4llytt\u00e4nyt verkkosivulle, sovellukseen tai alustalle, josta se tarjoaa pyydetty\u00e4 palvelua.<br \/>Sosiaaliset ev\u00e4steet: ovat ev\u00e4steit\u00e4, jotka sosiaalisen median alustat ovat asentaneet palveluihin, jotta voit jakaa sis\u00e4lt\u00f6\u00e4 yst\u00e4viesi ja verkostojesi kanssa. Sosiaalisen median alustoilla on mahdollisuus seurata verkkotoimintaasi palveluiden ulkopuolella. T\u00e4m\u00e4 voi vaikuttaa sis\u00e4lt\u00f6\u00f6n ja viesteihin, joita n\u00e4et muissa palveluissa, joissa vierailet.<br \/>Kumppanuusev\u00e4steet: mahdollistavat sellaisten vierailujen seurannan, jotka tulevat muilta verkkosivustoilta, joiden kanssa verkkosivusto on tehnyt kumppanuussopimuksen (kumppanuusyritykset).<br \/>Turvallisuusev\u00e4steet: ne tallentavat salattuja tietoja, jotta tallennetut tiedot eiv\u00e4t ole alttiita kolmansien osapuolten pahansuoville hy\u00f6kk\u00e4yksille.<\/p><p><strong>OMISTUKSEN MUKAAN<\/strong><br \/>Omat ev\u00e4steet: ovat ev\u00e4steit\u00e4, jotka l\u00e4hetet\u00e4\u00e4n k\u00e4ytt\u00e4j\u00e4n p\u00e4\u00e4telaitteelle editorin itsens\u00e4 hallinnoimalta tietokoneelta tai verkkotunnukselta, josta k\u00e4ytt\u00e4j\u00e4n pyyt\u00e4m\u00e4 palvelu tarjotaan.<br \/>Kolmannen osapuolen ev\u00e4steet: ovat ev\u00e4steit\u00e4, jotka l\u00e4hetet\u00e4\u00e4n k\u00e4ytt\u00e4j\u00e4n p\u00e4\u00e4telaitteeseen tietokoneelta tai verkkotunnuksesta, jota ei hallinnoi toimittaja vaan toinen yksikk\u00f6, joka k\u00e4sittelee ev\u00e4steiden avulla saatuja tietoja.<\/p><p><strong>S\u00c4ILYTT\u00c4MISAJAN MUKAAN<\/strong><br \/>Istuntoev\u00e4steet: N\u00e4m\u00e4 ovat ev\u00e4stetyyppej\u00e4, jotka on suunniteltu hankkimaan ja tallentamaan tietoja, kun k\u00e4ytt\u00e4j\u00e4 k\u00e4ytt\u00e4\u00e4 verkkosivua.<br \/>Pysyv\u00e4t ev\u00e4steet: N\u00e4m\u00e4 ovat ev\u00e4stetyyppej\u00e4, joissa tiedot s\u00e4ilyv\u00e4t p\u00e4\u00e4telaitteessa, ja niit\u00e4 voidaan k\u00e4ytt\u00e4\u00e4 ja k\u00e4sitell\u00e4 ev\u00e4steen vastuuhenkil\u00f6n m\u00e4\u00e4rittelem\u00e4n ajanjakson ajan, joka voi kest\u00e4\u00e4 muutamasta minuutista useisiin vuosiin.<\/p><p><strong>HENKIL\u00d6TIETOJEN K\u00c4SITTELY<\/strong><br \/><strong>GLOBAL WINE PARTNERS S.L.<\/strong>\u00a0 on rekister\u00f6idyn henkil\u00f6tietojen rekisterinpit\u00e4j\u00e4 ja ilmoittaa sinulle, ett\u00e4 n\u00e4it\u00e4 tietoja k\u00e4sitell\u00e4\u00e4n 27. huhtikuuta 2016 annetun asetuksen (EU) 2016\/679 (yleinen tietosuoja-asetus) s\u00e4\u00e4nn\u00f6sten mukaisesti, jolloin sinulle annetaan seuraavat k\u00e4sittelytiedot:<br \/>K\u00e4sittelytarkoitukset: kuten t\u00e4ll\u00e4 verkkosivustolla k\u00e4ytett\u00e4vi\u00e4 ev\u00e4steit\u00e4 koskevassa osiossa on m\u00e4\u00e4ritelty. K\u00e4sittelyn oikeutus: lukuun ottamatta tapauksia, joissa se on tarpeen verkkoselailua varten, rekister\u00f6idyn suostumuksella (yleisen tietosuoja-asetuksen 6 artiklan 1 kohdan a alakohta).<br \/>Tietojen s\u00e4ilytt\u00e4misperusteet: kuten verkkosivustolla k\u00e4ytett\u00e4vi\u00e4 ev\u00e4steit\u00e4 koskevassa osassa on m\u00e4\u00e4ritelty.<br \/>Tietojen v\u00e4litt\u00e4minen: Tietoja ei v\u00e4litet\u00e4 kolmansille osapuolille, paitsi kolmansien osapuolten omistamien ev\u00e4steiden osalta tai lakis\u00e4\u00e4teisen velvoitteen perusteella.<br \/>Asianomaisen oikeudet:<br \/>- Oikeus peruuttaa suostumus milloin tahansa.<br \/>oikeus saada p\u00e4\u00e4sy tietoihinsa, oikaista ne, siirt\u00e4\u00e4 ne j\u00e4rjestelm\u00e4st\u00e4 toiseen ja poistaa ne sek\u00e4 oikeus rajoittaa tietojen k\u00e4sittely\u00e4 tai vastustaa sit\u00e4.<br \/>- Oikeus tehd\u00e4 valitus valvontaviranomaiselle (www.aepd.es), jos katsot, ett\u00e4 k\u00e4sittely ei ole voimassa olevien s\u00e4\u00e4nn\u00f6sten mukaista.<br \/>Yhteystiedot oikeuksien k\u00e4ytt\u00e4mist\u00e4 varten:<br \/>GLOBAL WINE PARTNERS S.L. Avinguda Diagonal 566, 08021 Barcelona S\u00e4hk\u00f6posti: gwp@globalwinepartners.com.<\/p><p><strong>T\u00c4LL\u00c4 VERKKOSIVUSTOLLA K\u00c4YTETYT EV\u00c4STEET<\/strong><br \/>-JULKAISIJAN VALVOMAT EV\u00c4STEET<br \/>Tekniset ja toiminnalliset<br \/>Omistus: Global Wine Partners S.L.<br \/>Ev\u00e4ste: cookie_notice_accepted<br \/>K\u00e4ytt\u00f6tarkoitus: Ev\u00e4ste, joka on v\u00e4ltt\u00e4m\u00e4t\u00f6n verkkosivun vaihtoehtojen ja palveluiden k\u00e4ytt\u00f6\u00e4 varten.<br \/>M\u00e4\u00e4r\u00e4aika: kuukauden kuluessa<br \/>-KOLMANNEN OSAPUOLEN EV\u00c4STEET<br \/>Kolmannen osapuolen palvelut eiv\u00e4t ole kustantajan valvonnassa. Palveluntarjoajat voivat milloin tahansa muuttaa palveluehtojaan, ev\u00e4steiden tarkoitusta ja k\u00e4ytt\u00f6\u00e4 jne.<br \/>T\u00e4m\u00e4n verkkosivuston ulkoiset palveluntarjoajat: Kolmansien osapuolten hallitsemia ev\u00e4steit\u00e4 ei ole asennettu<\/p><p><strong>EV\u00c4STEIDEN KONFIGUROINTIPANEELI<\/strong><br \/>T\u00e4st\u00e4 paneelista voit m\u00e4\u00e4ritt\u00e4\u00e4 ev\u00e4steet, joita verkkosivusto voi asentaa selaimeesi, lukuun ottamatta teknisi\u00e4 tai toiminnallisia ev\u00e4steit\u00e4, jotka ovat v\u00e4ltt\u00e4m\u00e4tt\u00f6mi\u00e4 navigointiin ja eri vaihtoehtojen tai tarjottujen palvelujen k\u00e4ytt\u00f6\u00f6n.<br \/>Ev\u00e4steet-paneeli<\/p><p><strong>EV\u00c4STEIDEN HALLINTA SELAIMESTA<\/strong><br \/>Poista ev\u00e4steet laitteesta:<br \/>Laitteessa jo olevat ev\u00e4steet voidaan poistaa poistamalla selainhistoria, jolloin ev\u00e4steet poistetaan kaikilta vierailtuilta verkkosivustoilta. Osa tallennetuista tiedoista (esim. kirjautumistiedot tai verkkosivuston asetukset) voi kuitenkin my\u00f6s kadota.<br \/>Hallitse sivustokohtaisia ev\u00e4steit\u00e4:<br \/>K\u00e4ytt\u00e4j\u00e4t voivat hallita tarkemmin sivustokohtaisia ev\u00e4steit\u00e4 seuraavasti<br \/>voivat s\u00e4\u00e4t\u00e4\u00e4 selaimensa yksityisyys- ja ev\u00e4steasetuksia.<br \/>Ev\u00e4steiden est\u00e4minen:<br \/>Vaikka useimmat nykyaikaiset selaimet voidaan asettaa est\u00e4m\u00e4\u00e4n ev\u00e4steiden asentaminen laitteisiin, t\u00e4m\u00e4 saattaa vaatia tiettyjen asetusten manuaalista s\u00e4\u00e4t\u00e4mist\u00e4 joka kerta, kun sivustolla tai sivulla vieraillaan. Jotkin palvelut ja ominaisuudet eiv\u00e4t ehk\u00e4 toimi oikein (esim. profiilitunnukset).<br \/><strong>MITEN POISTAA EV\u00c4STEET YLEISIMMIST\u00c4 SELAIMISTA<\/strong><br \/><strong>Kromi:<\/strong> http:\/\/support.google.com\/chrome\/answer\/95647?hl=es<br \/><strong>Reuna:<\/strong> https:\/\/support.microsoft.com\/es-es\/microsoft-edge\/eliminar-las-cookies-en-microsoft-edge-63947406-40ac-c3b8-57b9-2a946a29ae09<br \/><strong>Explorer:<\/strong> https:\/\/support.microsoft.com\/es-es\/help\/278835\/how-to-delete-cookie-files-in-internet-explorer<br \/><strong>Firefox:<\/strong> https:\/\/www.mozilla.org\/es-ES\/privacy\/websites\/#cookies<br \/><strong>Safari:<\/strong> https:\/\/support.apple.com\/es-es\/guide\/safari\/sfri11471\/mac<br \/><strong>Ooppera:<\/strong> https:\/\/help.opera.com\/en\/latest\/security-and-privacy\/#clearBrowsingData<\/p>\t\t\t\t\t\t\t\t<\/div>\n\t\t\t\t\t<\/div>\n\t\t\t\t<\/div>\n\t\t\t\t<\/div>","protected":false},"excerpt":{"rendered":"<p>INFORMATION ABOUT COOKIESIn accordance with Law 34\/2002, of July 11, 2002, on information society services and electronic commerce (LSSI), in relation to Regulation (EU) 2016\/679 of the European Parliament and of the Council, of April 27, 2016, General Data Protection Regulation (GDPR) and Organic Law 3\/2018, of December 5, 2018, on Data Protection and Guarantee [&hellip;]<\/p>","protected":false},"author":1,"featured_media":0,"parent":0,"menu_order":0,"comment_status":"closed","ping_status":"closed","template":"","meta":{"footnotes":""},"class_list":["post-165","page","type-page","status-publish","hentry"],"yoast_head":"<!-- This site is optimized with the Yoast SEO plugin v26.4 - https:\/\/yoast.com\/wordpress\/plugins\/seo\/ -->\n<title>Cookies policy - fridawines.com<\/title>\n<meta name=\"robots\" content=\"index, follow, max-snippet:-1, max-image-preview:large, max-video-preview:-1\" \/>\n<link rel=\"canonical\" href=\"https:\/\/fridawines.com\/fi\/cookies-policy\/\" \/>\n<meta property=\"og:locale\" content=\"fi_FI\" \/>\n<meta property=\"og:type\" content=\"article\" \/>\n<meta property=\"og:title\" content=\"Cookies policy - fridawines.com\" \/>\n<meta property=\"og:description\" content=\"INFORMATION ABOUT COOKIESIn accordance with Law 34\/2002, of July 11, 2002, on information society services and electronic commerce (LSSI), in relation to Regulation (EU) 2016\/679 of the European Parliament and of the Council, of April 27, 2016, General Data Protection Regulation (GDPR) and Organic Law 3\/2018, of December 5, 2018, on Data Protection and Guarantee [&hellip;]\" \/>\n<meta property=\"og:url\" content=\"https:\/\/fridawines.com\/fi\/cookies-policy\/\" \/>\n<meta property=\"og:site_name\" content=\"fridawines.com\" \/>\n<meta property=\"article:modified_time\" content=\"2025-08-27T18:13:56+00:00\" \/>\n<meta name=\"twitter:card\" content=\"summary_large_image\" \/>\n<meta name=\"twitter:label1\" content=\"Arvioitu lukuaika\" \/>\n\t<meta name=\"twitter:data1\" content=\"6 minuuttia\" \/>\n<script type=\"application\/ld+json\" class=\"yoast-schema-graph\">{\"@context\":\"https:\/\/schema.org\",\"@graph\":[{\"@type\":\"WebPage\",\"@id\":\"https:\/\/fridawines.com\/cookies-policy\/\",\"url\":\"https:\/\/fridawines.com\/cookies-policy\/\",\"name\":\"Cookies policy - fridawines.com\",\"isPartOf\":{\"@id\":\"https:\/\/fridawines.com\/#website\"},\"datePublished\":\"2025-08-26T17:41:48+00:00\",\"dateModified\":\"2025-08-27T18:13:56+00:00\",\"breadcrumb\":{\"@id\":\"https:\/\/fridawines.com\/cookies-policy\/#breadcrumb\"},\"inLanguage\":\"fi\",\"potentialAction\":[{\"@type\":\"ReadAction\",\"target\":[\"https:\/\/fridawines.com\/cookies-policy\/\"]}]},{\"@type\":\"BreadcrumbList\",\"@id\":\"https:\/\/fridawines.com\/cookies-policy\/#breadcrumb\",\"itemListElement\":[{\"@type\":\"ListItem\",\"position\":1,\"name\":\"Portada\",\"item\":\"https:\/\/fridawines.com\/\"},{\"@type\":\"ListItem\",\"position\":2,\"name\":\"Cookies policy\"}]},{\"@type\":\"WebSite\",\"@id\":\"https:\/\/fridawines.com\/#website\",\"url\":\"https:\/\/fridawines.com\/\",\"name\":\"fridawines.com\",\"description\":\"\",\"publisher\":{\"@id\":\"https:\/\/fridawines.com\/#organization\"},\"potentialAction\":[{\"@type\":\"SearchAction\",\"target\":{\"@type\":\"EntryPoint\",\"urlTemplate\":\"https:\/\/fridawines.com\/?s={search_term_string}\"},\"query-input\":{\"@type\":\"PropertyValueSpecification\",\"valueRequired\":true,\"valueName\":\"search_term_string\"}}],\"inLanguage\":\"fi\"},{\"@type\":\"Organization\",\"@id\":\"https:\/\/fridawines.com\/#organization\",\"name\":\"fridawines.com\",\"url\":\"https:\/\/fridawines.com\/\",\"logo\":{\"@type\":\"ImageObject\",\"inLanguage\":\"fi\",\"@id\":\"https:\/\/fridawines.com\/#\/schema\/logo\/image\/\",\"url\":\"https:\/\/fridawines.com\/wp-content\/uploads\/2025\/08\/logo-frida-OW.png\",\"contentUrl\":\"https:\/\/fridawines.com\/wp-content\/uploads\/2025\/08\/logo-frida-OW.png\",\"width\":762,\"height\":656,\"caption\":\"fridawines.com\"},\"image\":{\"@id\":\"https:\/\/fridawines.com\/#\/schema\/logo\/image\/\"}}]}<\/script>\n<!-- \/ Yoast SEO plugin. -->","yoast_head_json":{"title":"Cookies policy - fridawines.com","robots":{"index":"index","follow":"follow","max-snippet":"max-snippet:-1","max-image-preview":"max-image-preview:large","max-video-preview":"max-video-preview:-1"},"canonical":"https:\/\/fridawines.com\/fi\/cookies-policy\/","og_locale":"fi_FI","og_type":"article","og_title":"Cookies policy - fridawines.com","og_description":"INFORMATION ABOUT COOKIESIn accordance with Law 34\/2002, of July 11, 2002, on information society services and electronic commerce (LSSI), in relation to Regulation (EU) 2016\/679 of the European Parliament and of the Council, of April 27, 2016, General Data Protection Regulation (GDPR) and Organic Law 3\/2018, of December 5, 2018, on Data Protection and Guarantee [&hellip;]","og_url":"https:\/\/fridawines.com\/fi\/cookies-policy\/","og_site_name":"fridawines.com","article_modified_time":"2025-08-27T18:13:56+00:00","twitter_card":"summary_large_image","twitter_misc":{"Arvioitu lukuaika":"6 minuuttia"},"schema":{"@context":"https:\/\/schema.org","@graph":[{"@type":"WebPage","@id":"https:\/\/fridawines.com\/cookies-policy\/","url":"https:\/\/fridawines.com\/cookies-policy\/","name":"Cookies policy - fridawines.com","isPartOf":{"@id":"https:\/\/fridawines.com\/#website"},"datePublished":"2025-08-26T17:41:48+00:00","dateModified":"2025-08-27T18:13:56+00:00","breadcrumb":{"@id":"https:\/\/fridawines.com\/cookies-policy\/#breadcrumb"},"inLanguage":"fi","potentialAction":[{"@type":"ReadAction","target":["https:\/\/fridawines.com\/cookies-policy\/"]}]},{"@type":"BreadcrumbList","@id":"https:\/\/fridawines.com\/cookies-policy\/#breadcrumb","itemListElement":[{"@type":"ListItem","position":1,"name":"Portada","item":"https:\/\/fridawines.com\/"},{"@type":"ListItem","position":2,"name":"Cookies policy"}]},{"@type":"WebSite","@id":"https:\/\/fridawines.com\/#website","url":"https:\/\/fridawines.com\/","name":"fridawines.com","description":"","publisher":{"@id":"https:\/\/fridawines.com\/#organization"},"potentialAction":[{"@type":"SearchAction","target":{"@type":"EntryPoint","urlTemplate":"https:\/\/fridawines.com\/?s={search_term_string}"},"query-input":{"@type":"PropertyValueSpecification","valueRequired":true,"valueName":"search_term_string"}}],"inLanguage":"fi"},{"@type":"Organization","@id":"https:\/\/fridawines.com\/#organization","name":"fridawines.com","url":"https:\/\/fridawines.com\/","logo":{"@type":"ImageObject","inLanguage":"fi","@id":"https:\/\/fridawines.com\/#\/schema\/logo\/image\/","url":"https:\/\/fridawines.com\/wp-content\/uploads\/2025\/08\/logo-frida-OW.png","contentUrl":"https:\/\/fridawines.com\/wp-content\/uploads\/2025\/08\/logo-frida-OW.png","width":762,"height":656,"caption":"fridawines.com"},"image":{"@id":"https:\/\/fridawines.com\/#\/schema\/logo\/image\/"}}]}},"_links":{"self":[{"href":"https:\/\/fridawines.com\/fi\/wp-json\/wp\/v2\/pages\/165","targetHints":{"allow":["GET"]}}],"collection":[{"href":"https:\/\/fridawines.com\/fi\/wp-json\/wp\/v2\/pages"}],"about":[{"href":"https:\/\/fridawines.com\/fi\/wp-json\/wp\/v2\/types\/page"}],"author":[{"embeddable":true,"href":"https:\/\/fridawines.com\/fi\/wp-json\/wp\/v2\/users\/1"}],"replies":[{"embeddable":true,"href":"https:\/\/fridawines.com\/fi\/wp-json\/wp\/v2\/comments?post=165"}],"version-history":[{"count":4,"href":"https:\/\/fridawines.com\/fi\/wp-json\/wp\/v2\/pages\/165\/revisions"}],"predecessor-version":[{"id":224,"href":"https:\/\/fridawines.com\/fi\/wp-json\/wp\/v2\/pages\/165\/revisions\/224"}],"wp:attachment":[{"href":"https:\/\/fridawines.com\/fi\/wp-json\/wp\/v2\/media?parent=165"}],"curies":[{"name":"wp","href":"https:\/\/api.w.org\/{rel}","templated":true}]}}