{"id":163,"date":"2025-08-26T17:41:39","date_gmt":"2025-08-26T17:41:39","guid":{"rendered":"https:\/\/fridawines.com\/?page_id=163"},"modified":"2025-10-17T11:47:06","modified_gmt":"2025-10-17T11:47:06","slug":"privacy-policy","status":"publish","type":"page","link":"https:\/\/fridawines.com\/fi\/privacy-policy\/","title":{"rendered":"Tietosuojak\u00e4yt\u00e4nt\u00f6"},"content":{"rendered":"<div data-elementor-type=\"wp-page\" data-elementor-id=\"163\" class=\"elementor elementor-163\" data-elementor-post-type=\"page\">\n\t\t\t\t<div class=\"elementor-element elementor-element-be0dfdd e-flex e-con-boxed e-con e-parent\" data-id=\"be0dfdd\" data-element_type=\"container\" data-settings=\"{&quot;background_background&quot;:&quot;classic&quot;}\">\n\t\t\t\t\t<div class=\"e-con-inner\">\n\t\t\t\t\t<\/div>\n\t\t\t\t<\/div>\n\t\t<div class=\"elementor-element elementor-element-f9e2deb e-flex e-con-boxed e-con e-parent\" data-id=\"f9e2deb\" data-element_type=\"container\" data-settings=\"{&quot;background_background&quot;:&quot;classic&quot;}\">\n\t\t\t\t\t<div class=\"e-con-inner\">\n\t\t\t\t<div class=\"elementor-element elementor-element-24cb4f8 elementor-widget elementor-widget-heading\" data-id=\"24cb4f8\" data-element_type=\"widget\" data-widget_type=\"heading.default\">\n\t\t\t\t\t<h2 class=\"elementor-heading-title elementor-size-default\">Tietosuojak\u00e4yt\u00e4nt\u00f6<\/h2>\t\t\t\t<\/div>\n\t\t\t\t<div class=\"elementor-element elementor-element-336f6dd elementor-widget elementor-widget-text-editor\" data-id=\"336f6dd\" data-element_type=\"widget\" data-widget_type=\"text-editor.default\">\n\t\t\t\t\t\t\t\t\t<p><strong>1. TIETOA K\u00c4YTT\u00c4J\u00c4LLE:<\/strong><br \/>Kuka on vastuussa henkil\u00f6tietojesi k\u00e4sittelyst\u00e4?<br \/>GLOBAL WINE PARTNERS S.L. on VASTUULLINEN K\u00c4YTT\u00c4J\u00c4N henkil\u00f6tietojen k\u00e4sittelyst\u00e4 ja ilmoittaa, ett\u00e4 n\u00e4it\u00e4 tietoja k\u00e4sitell\u00e4\u00e4n 27. huhtikuuta annetun asetuksen (EU) 2016\/679 (GDPR) ja 5. joulukuuta annetun orgaanisen lain 3\/2018 (LOPDGDD) s\u00e4\u00e4nn\u00f6sten mukaisesti.<br \/>Miksi k\u00e4sittelemme henkil\u00f6tietojasi?<br \/>yll\u00e4pit\u00e4\u00e4 liikesuhdetta k\u00e4ytt\u00e4j\u00e4n kanssa. K\u00e4sittelyn toteuttamiseksi suunnitellut toiminnot ovat:<br \/>- Kaupallisen mainosviestinn\u00e4n l\u00e4hett\u00e4minen s\u00e4hk\u00f6postitse, faksilla, tekstiviestill\u00e4, MMS:ll\u00e4, sosiaalisissa verkostoissa tai muilla nykyisill\u00e4 tai tulevilla s\u00e4hk\u00f6isill\u00e4 tai fyysisill\u00e4 v\u00e4lineill\u00e4, jotka mahdollistavat kaupallisen viestinn\u00e4n. N\u00e4m\u00e4 viestit l\u00e4hetet\u00e4\u00e4n VASTAAVAN kautta ja ne liittyv\u00e4t sen tuotteisiin ja palveluihin tai sen yhteisty\u00f6kumppaneihin tai toimittajiin, joiden kanssa se on tehnyt myynninedist\u00e4missopimuksen. T\u00e4ll\u00f6in kolmansilla osapuolilla ei ole koskaan p\u00e4\u00e4sy\u00e4 henkil\u00f6tietoihin.<br \/>- Markkinatutkimuksen ja tilastoanalyysin tekeminen.<br \/>- k\u00e4sitell\u00e4 tilauksia, vastata kyselyihin tai mink\u00e4 tahansa tyyppisiin pyynt\u00f6ihin, jotka K\u00c4YTT\u00c4J\u00c4 on esitt\u00e4nyt mink\u00e4 tahansa VASTUULLISEN verkkosivustolla olevan yhteydenottolomakkeen kautta.<br \/>- L\u00e4het\u00e4 online-uutiskirje uutisista, tarjouksista ja kampanjoista toiminnassamme.<br \/>Miksi voimme k\u00e4sitell\u00e4 henkil\u00f6tietojasi?<br \/>Koska k\u00e4sittely on oikeutettu yleisen tietosuoja-asetuksen 6 artiklan nojalla seuraavasti:<br \/>- K\u00c4YTT\u00c4J\u00c4N suostumuksella: kaupallisen viestinn\u00e4n ja uutiskirjeen l\u00e4hett\u00e4minen.<br \/>- HALLINNANHALTIJAN oikeutetun edun vuoksi: markkinatutkimusten, tilastollisten analyysien jne. tekeminen ja tilausten, pyynt\u00f6jen jne. k\u00e4sitteleminen K\u00c4YTT\u00c4J\u00c4N pyynn\u00f6st\u00e4.<br \/>Kuinka kauan s\u00e4ilyt\u00e4mme henkil\u00f6tietojasi?<br \/>Tietoja s\u00e4ilytet\u00e4\u00e4n enint\u00e4\u00e4n niin kauan kuin on tarpeen k\u00e4sittelyn tarkoituksen yll\u00e4pit\u00e4miseksi tai niin kauan kuin niiden s\u00e4ilytt\u00e4mist\u00e4 koskevat oikeudelliset m\u00e4\u00e4r\u00e4ykset edellytt\u00e4v\u00e4t, ja kun niit\u00e4 ei en\u00e4\u00e4 tarvita t\u00e4h\u00e4n tarkoitukseen, ne poistetaan asianmukaisin turvatoimin, joilla varmistetaan tietojen anonymisointi tai niiden t\u00e4ydellinen tuhoaminen. Kenelle annamme henkil\u00f6tietojasi? Henkil\u00f6tietoja ei ole tarkoitus luovuttaa kolmansille osapuolille, paitsi jos se on tarpeen k\u00e4sittelyn tarkoitusten kehitt\u00e4miseksi ja toteuttamiseksi, viestint\u00e4\u00e4n liittyville palveluntarjoajillemme, joiden kanssa VASTUUHENKIL\u00d6 on tehnyt voimassa olevien tietosuojas\u00e4\u00e4nn\u00f6sten edellytt\u00e4m\u00e4t luottamuksellisuutta ja tietojenk\u00e4sittely\u00e4 koskevat sopimukset.<\/p><p>Mitk\u00e4 ovat oikeutesi?<br \/>K\u00c4YTT\u00c4J\u00c4N oikeudet ovat:<br \/>- Oikeus peruuttaa suostumus milloin tahansa.<br \/>- Oikeus saada p\u00e4\u00e4sy tietoihin, oikaista ne, siirt\u00e4\u00e4 ne j\u00e4rjestelm\u00e4st\u00e4 toiseen ja poistaa ne sek\u00e4 rajoittaa niiden k\u00e4sittely\u00e4 tai vastustaa sit\u00e4.<br \/>- Oikeus tehd\u00e4 valitus valvontaviranomaiselle (www.aepd.es), jos katsot, ett\u00e4 k\u00e4sittely ei ole voimassa olevien s\u00e4\u00e4nn\u00f6sten mukaista.<br \/>Yhteystiedot oikeuksien k\u00e4ytt\u00e4mist\u00e4 varten:<br \/>GLOBAL WINE PARTNERS S.L., Avinguda Diagonal 566, 08021 Barcelona S\u00e4hk\u00f6posti: gwp@globalwinepartners.com.<\/p><p><strong>2. K\u00c4YTT\u00c4J\u00c4N ANTAMIEN TIETOJEN PAKOLLISUUS TAI VAPAAEHTOISUUS:<\/strong><br \/>K\u00c4YTT\u00c4J\u00c4T hyv\u00e4ksyv\u00e4t nimenomaisesti, vapaasti ja yksiselitteisesti, ett\u00e4 heid\u00e4n tietonsa ovat v\u00e4ltt\u00e4m\u00e4tt\u00f6mi\u00e4, jotta lainanantaja voi k\u00e4sitell\u00e4 heid\u00e4n pyynt\u00f6j\u00e4\u00e4n, ja ett\u00e4 siksi tietojen antaminen muihin kenttiin on vapaaehtoista, kun he t\u00e4ytt\u00e4v\u00e4t vastaavat kent\u00e4t ja sy\u00f6tt\u00e4v\u00e4t tietoja kenttiin, jotka on merkitty yhteystietolomakkeessa tai latauslomakkeissa t\u00e4hdell\u00e4 (*). K\u00c4YTT\u00c4J\u00c4 takaa, ett\u00e4 VASTUUHENKIL\u00d6LLE annetut henkil\u00f6tiedot pit\u00e4v\u00e4t paikkansa, ja on vastuussa mahdollisten muutosten ilmoittamisesta. VASTUULLINEN ilmoittaa, ett\u00e4 kaikki verkkosivuston kautta pyydetyt tiedot ovat pakollisia, koska ne ovat v\u00e4ltt\u00e4m\u00e4tt\u00f6mi\u00e4 optimaalisen palvelun tarjoamiseksi K\u00c4YTT\u00c4J\u00c4LLE. Jos kaikkia tietoja ei anneta, ei ole mit\u00e4\u00e4n takeita siit\u00e4, ett\u00e4 tarjotut tiedot ja palvelut vastaavat t\u00e4ysin tarpeitasi.<\/p><p><strong>3. TURVATOIMET<\/strong><br \/>Ett\u00e4 VASTUULLINEN noudattaa voimassa olevien henkil\u00f6tietojen suojaa koskevien s\u00e4\u00e4nn\u00f6sten mukaisesti kaikkia GDPR:n ja LOPDGDD:n s\u00e4\u00e4nn\u00f6sten s\u00e4\u00e4nn\u00f6ksi\u00e4 vastuullaan olevien henkil\u00f6tietojen k\u00e4sittelyss\u00e4 ja noudattaa selv\u00e4sti GDPR:n 5 artiklassa kuvattuja periaatteita, joiden mukaan tietoja k\u00e4sitell\u00e4\u00e4n laillisesti, oikeudenmukaisesti ja l\u00e4pin\u00e4kyv\u00e4sti rekister\u00f6ityyn n\u00e4hden ja ne ovat asianmukaisia, olennaisia ja rajoitettuja siihen, mik\u00e4 on tarpeen niiden tarkoitusten kannalta, joita varten niit\u00e4 k\u00e4sitell\u00e4\u00e4n.<br \/>VASTUULLINEN takaa, ett\u00e4 se on ottanut k\u00e4ytt\u00f6\u00f6n asianmukaiset tekniset ja organisatoriset toimintatavat yleisen tietosuoja-asetuksen ja LOPDGDD:n mukaisten turvatoimien soveltamiseksi, jotta voidaan suojella K\u00c4YTT\u00c4JIEN oikeuksia ja vapauksia, ja ett\u00e4 se on toimittanut heille riitt\u00e4v\u00e4sti tietoa, jotta he voivat k\u00e4ytt\u00e4\u00e4 niit\u00e4.<br \/>Jos haluat lis\u00e4tietoja yksityisyyden suojaa koskevista takeista, voit ottaa yhteytt\u00e4 VASTUUHENKIL\u00d6\u00d6N s\u00e4hk\u00f6postitse: hello@globalwinepartners.com.<\/p>\t\t\t\t\t\t\t\t<\/div>\n\t\t\t\t\t<\/div>\n\t\t\t\t<\/div>\n\t\t\t\t<\/div>","protected":false},"excerpt":{"rendered":"<p>1. INFORMATION FOR THE USER:Who is responsible for the processing of your personal data?GLOBAL WINE PARTNERS S.L. is RESPONSIBLE for the processing of the USER\u2019s personal data and informs you that this data will be processed in accordance with the provisions of Regulation (EU) 2016\/679, of 27 April (GDPR), and the Organic Law 3\/2018, of [&hellip;]<\/p>","protected":false},"author":1,"featured_media":0,"parent":0,"menu_order":0,"comment_status":"closed","ping_status":"closed","template":"","meta":{"footnotes":""},"class_list":["post-163","page","type-page","status-publish","hentry"],"yoast_head":"<!-- This site is optimized with the Yoast SEO plugin v26.4 - https:\/\/yoast.com\/wordpress\/plugins\/seo\/ -->\n<title>Privacy policy - fridawines.com<\/title>\n<meta name=\"robots\" content=\"index, follow, max-snippet:-1, max-image-preview:large, max-video-preview:-1\" \/>\n<link rel=\"canonical\" href=\"https:\/\/fridawines.com\/fi\/privacy-policy\/\" \/>\n<meta property=\"og:locale\" content=\"fi_FI\" \/>\n<meta property=\"og:type\" content=\"article\" \/>\n<meta property=\"og:title\" content=\"Privacy policy - fridawines.com\" \/>\n<meta property=\"og:description\" content=\"1. INFORMATION FOR THE USER:Who is responsible for the processing of your personal data?GLOBAL WINE PARTNERS S.L. is RESPONSIBLE for the processing of the USER\u2019s personal data and informs you that this data will be processed in accordance with the provisions of Regulation (EU) 2016\/679, of 27 April (GDPR), and the Organic Law 3\/2018, of [&hellip;]\" \/>\n<meta property=\"og:url\" content=\"https:\/\/fridawines.com\/fi\/privacy-policy\/\" \/>\n<meta property=\"og:site_name\" content=\"fridawines.com\" \/>\n<meta property=\"article:modified_time\" content=\"2025-10-17T11:47:06+00:00\" \/>\n<meta name=\"twitter:card\" content=\"summary_large_image\" \/>\n<meta name=\"twitter:label1\" content=\"Arvioitu lukuaika\" \/>\n\t<meta name=\"twitter:data1\" content=\"4 minuuttia\" \/>\n<script type=\"application\/ld+json\" class=\"yoast-schema-graph\">{\"@context\":\"https:\/\/schema.org\",\"@graph\":[{\"@type\":\"WebPage\",\"@id\":\"https:\/\/fridawines.com\/privacy-policy\/\",\"url\":\"https:\/\/fridawines.com\/privacy-policy\/\",\"name\":\"Privacy policy - fridawines.com\",\"isPartOf\":{\"@id\":\"https:\/\/fridawines.com\/#website\"},\"datePublished\":\"2025-08-26T17:41:39+00:00\",\"dateModified\":\"2025-10-17T11:47:06+00:00\",\"breadcrumb\":{\"@id\":\"https:\/\/fridawines.com\/privacy-policy\/#breadcrumb\"},\"inLanguage\":\"fi\",\"potentialAction\":[{\"@type\":\"ReadAction\",\"target\":[\"https:\/\/fridawines.com\/privacy-policy\/\"]}]},{\"@type\":\"BreadcrumbList\",\"@id\":\"https:\/\/fridawines.com\/privacy-policy\/#breadcrumb\",\"itemListElement\":[{\"@type\":\"ListItem\",\"position\":1,\"name\":\"Portada\",\"item\":\"https:\/\/fridawines.com\/\"},{\"@type\":\"ListItem\",\"position\":2,\"name\":\"Privacy policy\"}]},{\"@type\":\"WebSite\",\"@id\":\"https:\/\/fridawines.com\/#website\",\"url\":\"https:\/\/fridawines.com\/\",\"name\":\"fridawines.com\",\"description\":\"\",\"publisher\":{\"@id\":\"https:\/\/fridawines.com\/#organization\"},\"potentialAction\":[{\"@type\":\"SearchAction\",\"target\":{\"@type\":\"EntryPoint\",\"urlTemplate\":\"https:\/\/fridawines.com\/?s={search_term_string}\"},\"query-input\":{\"@type\":\"PropertyValueSpecification\",\"valueRequired\":true,\"valueName\":\"search_term_string\"}}],\"inLanguage\":\"fi\"},{\"@type\":\"Organization\",\"@id\":\"https:\/\/fridawines.com\/#organization\",\"name\":\"fridawines.com\",\"url\":\"https:\/\/fridawines.com\/\",\"logo\":{\"@type\":\"ImageObject\",\"inLanguage\":\"fi\",\"@id\":\"https:\/\/fridawines.com\/#\/schema\/logo\/image\/\",\"url\":\"https:\/\/fridawines.com\/wp-content\/uploads\/2025\/08\/logo-frida-OW.png\",\"contentUrl\":\"https:\/\/fridawines.com\/wp-content\/uploads\/2025\/08\/logo-frida-OW.png\",\"width\":762,\"height\":656,\"caption\":\"fridawines.com\"},\"image\":{\"@id\":\"https:\/\/fridawines.com\/#\/schema\/logo\/image\/\"}}]}<\/script>\n<!-- \/ Yoast SEO plugin. -->","yoast_head_json":{"title":"Privacy policy - fridawines.com","robots":{"index":"index","follow":"follow","max-snippet":"max-snippet:-1","max-image-preview":"max-image-preview:large","max-video-preview":"max-video-preview:-1"},"canonical":"https:\/\/fridawines.com\/fi\/privacy-policy\/","og_locale":"fi_FI","og_type":"article","og_title":"Privacy policy - fridawines.com","og_description":"1. INFORMATION FOR THE USER:Who is responsible for the processing of your personal data?GLOBAL WINE PARTNERS S.L. is RESPONSIBLE for the processing of the USER\u2019s personal data and informs you that this data will be processed in accordance with the provisions of Regulation (EU) 2016\/679, of 27 April (GDPR), and the Organic Law 3\/2018, of [&hellip;]","og_url":"https:\/\/fridawines.com\/fi\/privacy-policy\/","og_site_name":"fridawines.com","article_modified_time":"2025-10-17T11:47:06+00:00","twitter_card":"summary_large_image","twitter_misc":{"Arvioitu lukuaika":"4 minuuttia"},"schema":{"@context":"https:\/\/schema.org","@graph":[{"@type":"WebPage","@id":"https:\/\/fridawines.com\/privacy-policy\/","url":"https:\/\/fridawines.com\/privacy-policy\/","name":"Privacy policy - fridawines.com","isPartOf":{"@id":"https:\/\/fridawines.com\/#website"},"datePublished":"2025-08-26T17:41:39+00:00","dateModified":"2025-10-17T11:47:06+00:00","breadcrumb":{"@id":"https:\/\/fridawines.com\/privacy-policy\/#breadcrumb"},"inLanguage":"fi","potentialAction":[{"@type":"ReadAction","target":["https:\/\/fridawines.com\/privacy-policy\/"]}]},{"@type":"BreadcrumbList","@id":"https:\/\/fridawines.com\/privacy-policy\/#breadcrumb","itemListElement":[{"@type":"ListItem","position":1,"name":"Portada","item":"https:\/\/fridawines.com\/"},{"@type":"ListItem","position":2,"name":"Privacy policy"}]},{"@type":"WebSite","@id":"https:\/\/fridawines.com\/#website","url":"https:\/\/fridawines.com\/","name":"fridawines.com","description":"","publisher":{"@id":"https:\/\/fridawines.com\/#organization"},"potentialAction":[{"@type":"SearchAction","target":{"@type":"EntryPoint","urlTemplate":"https:\/\/fridawines.com\/?s={search_term_string}"},"query-input":{"@type":"PropertyValueSpecification","valueRequired":true,"valueName":"search_term_string"}}],"inLanguage":"fi"},{"@type":"Organization","@id":"https:\/\/fridawines.com\/#organization","name":"fridawines.com","url":"https:\/\/fridawines.com\/","logo":{"@type":"ImageObject","inLanguage":"fi","@id":"https:\/\/fridawines.com\/#\/schema\/logo\/image\/","url":"https:\/\/fridawines.com\/wp-content\/uploads\/2025\/08\/logo-frida-OW.png","contentUrl":"https:\/\/fridawines.com\/wp-content\/uploads\/2025\/08\/logo-frida-OW.png","width":762,"height":656,"caption":"fridawines.com"},"image":{"@id":"https:\/\/fridawines.com\/#\/schema\/logo\/image\/"}}]}},"_links":{"self":[{"href":"https:\/\/fridawines.com\/fi\/wp-json\/wp\/v2\/pages\/163","targetHints":{"allow":["GET"]}}],"collection":[{"href":"https:\/\/fridawines.com\/fi\/wp-json\/wp\/v2\/pages"}],"about":[{"href":"https:\/\/fridawines.com\/fi\/wp-json\/wp\/v2\/types\/page"}],"author":[{"embeddable":true,"href":"https:\/\/fridawines.com\/fi\/wp-json\/wp\/v2\/users\/1"}],"replies":[{"embeddable":true,"href":"https:\/\/fridawines.com\/fi\/wp-json\/wp\/v2\/comments?post=163"}],"version-history":[{"count":10,"href":"https:\/\/fridawines.com\/fi\/wp-json\/wp\/v2\/pages\/163\/revisions"}],"predecessor-version":[{"id":233,"href":"https:\/\/fridawines.com\/fi\/wp-json\/wp\/v2\/pages\/163\/revisions\/233"}],"wp:attachment":[{"href":"https:\/\/fridawines.com\/fi\/wp-json\/wp\/v2\/media?parent=163"}],"curies":[{"name":"wp","href":"https:\/\/api.w.org\/{rel}","templated":true}]}}