{"id":161,"date":"2025-08-26T17:41:26","date_gmt":"2025-08-26T17:41:26","guid":{"rendered":"https:\/\/fridawines.com\/?page_id=161"},"modified":"2025-08-27T18:12:39","modified_gmt":"2025-08-27T18:12:39","slug":"legal-advice","status":"publish","type":"page","link":"https:\/\/fridawines.com\/fi\/legal-advice\/","title":{"rendered":"Oikeudellinen neuvonta"},"content":{"rendered":"<div data-elementor-type=\"wp-page\" data-elementor-id=\"161\" class=\"elementor elementor-161\" data-elementor-post-type=\"page\">\n\t\t\t\t<div class=\"elementor-element elementor-element-74044dc e-flex e-con-boxed e-con e-parent\" data-id=\"74044dc\" data-element_type=\"container\" data-settings=\"{&quot;background_background&quot;:&quot;classic&quot;}\">\n\t\t\t\t\t<div class=\"e-con-inner\">\n\t\t\t\t\t<\/div>\n\t\t\t\t<\/div>\n\t\t<div class=\"elementor-element elementor-element-fe67ad2 e-flex e-con-boxed e-con e-parent\" data-id=\"fe67ad2\" data-element_type=\"container\" data-settings=\"{&quot;background_background&quot;:&quot;classic&quot;}\">\n\t\t\t\t\t<div class=\"e-con-inner\">\n\t\t\t\t<div class=\"elementor-element elementor-element-93d4d43 elementor-widget elementor-widget-heading\" data-id=\"93d4d43\" data-element_type=\"widget\" data-widget_type=\"heading.default\">\n\t\t\t\t\t<h2 class=\"elementor-heading-title elementor-size-default\">Oikeudellinen neuvonta<\/h2>\t\t\t\t<\/div>\n\t\t\t\t<div class=\"elementor-element elementor-element-21a5c37 elementor-widget elementor-widget-text-editor\" data-id=\"21a5c37\" data-element_type=\"widget\" data-widget_type=\"text-editor.default\">\n\t\t\t\t\t\t\t\t\t<p>GLOBAALIT VIINIKUMPPANIT. S.L., joka vastaa verkkosivustosta, j\u00e4ljemp\u00e4n\u00e4 VASTUULLINEN, asettaa t\u00e4m\u00e4n asiakirjan k\u00e4ytt\u00e4jien saataville, jolla se aikoo panna t\u00e4yt\u00e4nt\u00f6\u00f6n 11. hein\u00e4kuuta 2002 annetussa laissa 34\/2002 tietoyhteiskunnan ja s\u00e4hk\u00f6isen kaupank\u00e4ynnin palveluista (LSSICE), BOE nro 166, asetetut velvoitteet sek\u00e4 tiedottaa kaikille verkkosivuston k\u00e4ytt\u00e4jille, mitk\u00e4 ovat k\u00e4ytt\u00f6ehdot.<\/p><p>Jokainen henkil\u00f6, joka k\u00e4ytt\u00e4\u00e4 t\u00e4t\u00e4 verkkosivustoa, omaksuu k\u00e4ytt\u00e4j\u00e4n roolin ja sitoutuu noudattamaan ja noudattamaan tiukasti t\u00e4ss\u00e4 esitettyj\u00e4 m\u00e4\u00e4r\u00e4yksi\u00e4 sek\u00e4 kaikkia muita mahdollisesti sovellettavia oikeudellisia m\u00e4\u00e4r\u00e4yksi\u00e4.<\/p><p>GLOBAL WINE PARTNERS.S.L. pid\u00e4tt\u00e4\u00e4 oikeuden muuttaa mit\u00e4 tahansa tietoja, jotka voivat esiinty\u00e4 verkkosivuilla, ilman velvollisuutta antaa ennakkoilmoitus tai ilmoittaa k\u00e4ytt\u00e4jille n\u00e4ist\u00e4 velvoitteista, koska sit\u00e4 pidet\u00e4\u00e4n riitt\u00e4v\u00e4n\u00e4 julkaisuna verkkosivuilla azulejowines.com.<\/p><p><strong>1. TIETOJEN TUNNISTAMINEN<\/strong><br \/>Verkkotunnus: Fridawines.com<br \/>Kaupallinen nimi: Frida Wines<br \/>Yrityksen nimi: GLOBAL WINE PARTNERS.S.L.<br \/>Rekister\u00f6ity osoite: Avenida Diagonal 566, 08021 Barcelona.<br \/>Puhelin: +34 936 115 198<br \/>S\u00e4hk\u00f6posti: gwp@globalwinepartners.com<\/p><p><strong>2. TEOLLIS- JA TEKIJ\u00c4NOIKEUDET<\/strong><br \/>Verkkosivusto, mukaan lukien mutta ei rajoittuen sen ohjelmointi, muokkaus, koostaminen ja muut sen toiminnan kannalta v\u00e4ltt\u00e4m\u00e4tt\u00f6m\u00e4t elementit, mallit, logot, teksti ja\/tai grafiikka, ovat VASTUUHENKIL\u00d6N omaisuutta tai tarvittaessa sill\u00e4 on lisenssi tai nimenomainen lupa tekij\u00f6ilt\u00e4. Kaikki verkkosivuston sis\u00e4lt\u00f6 on asianmukaisesti suojattu teollis- ja tekij\u00e4noikeuksia koskevilla s\u00e4\u00e4nn\u00f6ksill\u00e4 ja rekister\u00f6ity vastaaviin julkisiin rekistereihin.<br \/>Riippumatta siit\u00e4, mihin tarkoitukseen ne on tarkoitettu, niiden t\u00e4ydellinen tai osittainen j\u00e4ljent\u00e4minen, k\u00e4ytt\u00f6, hy\u00f6dynt\u00e4minen, jakelu ja kaupallistaminen edellytt\u00e4\u00e4 joka tapauksessa VASTUULLISEN kirjallista ennakkolupaa. Kaikki k\u00e4ytt\u00f6, johon ei ole annettu ennakkolupaa, katsotaan tekij\u00e4n immateriaalioikeuksien tai teollisoikeuksien vakavaksi loukkaukseksi.<br \/>Sivustolla mahdollisesti esiintyv\u00e4t vastuullisen ulkopuoliset mallit, logot, tekstit ja\/tai grafiikka kuuluvat niiden omistajille, jotka ovat vastuussa mahdollisista kiistoista. VASTUULLINEN antaa nimenomaisesti kolmansille osapuolille luvan ohjata suoraan verkkosivuston erityissis\u00e4lt\u00f6\u00f6n ja joka tapauksessa ohjata uudelleen Globalwinepartners.comin p\u00e4\u00e4sivustolle.VASTUULLINEN tunnustaa omistajiensa hyv\u00e4ksi vastaavat immateriaalioikeudet ja teollisoikeudet ilman, ett\u00e4 niiden pelkk\u00e4 mainitseminen tai esiintyminen verkkosivustolla merkitsee oikeuksien olemassaoloa tai vastuuta niist\u00e4, eik\u00e4 my\u00f6sk\u00e4\u00e4n VASTUULLISEN tukea, sponsorointia tai suositusta.<br \/>Jos haluat esitt\u00e4\u00e4 kommentteja mahdollisista teollis- tai tekij\u00e4noikeuksien loukkauksista tai verkkosivuston sis\u00e4ll\u00f6st\u00e4, voit tehd\u00e4 sen s\u00e4hk\u00f6postitse osoitteeseen gwp@globalwinepartners.com.<\/p><p><strong>3. VASTUUVAPAUS<\/strong><br \/><strong>VASTUULLINEN<\/strong> on vapautettu kaikesta vastuusta, joka johtuu sen verkkosivustolla julkaistuista tiedoista, edellytt\u00e4en, ett\u00e4 sill\u00e4 ei ole tosiasiallisesti tietoa siit\u00e4, ett\u00e4 ulkopuolinen kolmas osapuoli on manipuloinut tai lis\u00e4nnyt n\u00e4it\u00e4 tietoja, tai jos n\u00e4in on tapahtunut, se on toiminut huolellisesti poistaakseen tiedot tai tehd\u00e4kseen mahdottomaksi p\u00e4\u00e4st\u00e4 niihin k\u00e4siksi.<br \/>Ev\u00e4steiden k\u00e4ytt\u00f6:<br \/>T\u00e4m\u00e4 verkkosivusto voi k\u00e4ytt\u00e4\u00e4 teknisi\u00e4 ev\u00e4steit\u00e4 (pieni\u00e4 tiedostoja, jotka palvelin l\u00e4hett\u00e4\u00e4 sivua k\u00e4ytt\u00e4v\u00e4n henkil\u00f6n tietokoneelle) tiettyjen toimintojen suorittamiseen, joita pidet\u00e4\u00e4n v\u00e4ltt\u00e4m\u00e4tt\u00f6min\u00e4 verkkosivuston oikean toiminnan ja visualisoinnin kannalta. K\u00e4ytetyt ev\u00e4steet ovat joka tapauksessa v\u00e4liaikaisia, ja niiden ainoana tarkoituksena on tehostaa navigointia, ja ne h\u00e4vi\u00e4v\u00e4t k\u00e4ytt\u00e4j\u00e4n istunnon p\u00e4\u00e4tytty\u00e4. N\u00e4m\u00e4 ev\u00e4steet eiv\u00e4t miss\u00e4\u00e4n tapauksessa itsess\u00e4\u00e4n anna henkil\u00f6tietoja, eik\u00e4 niit\u00e4 k\u00e4ytet\u00e4 t\u00e4llaisten tietojen ker\u00e4\u00e4miseen.<br \/>Ev\u00e4steiden avulla on my\u00f6s mahdollista, ett\u00e4 palvelin, jolla verkkosivusto sijaitsee, tunnistaa k\u00e4ytt\u00e4j\u00e4n k\u00e4ytt\u00e4m\u00e4n selaimen, jotta navigointi olisi helpompaa ja jotta esimerkiksi k\u00e4ytt\u00e4j\u00e4t, jotka ovat aiemmin rekister\u00f6ityneet yksinomaan heille varatuille alueille, palveluihin, kampanjoihin tai kilpailuihin, p\u00e4\u00e4sisiv\u00e4t sivustolle ilman, ett\u00e4 heid\u00e4n tarvitsisi rekister\u00f6ity\u00e4 joka kerta. Niit\u00e4 voidaan k\u00e4ytt\u00e4\u00e4 my\u00f6s yleis\u00f6m\u00e4\u00e4rien ja liikenneparametrien mittaamiseen, edistymisen ja osallistumisten m\u00e4\u00e4r\u00e4n seurantaan jne. N\u00e4iss\u00e4 tapauksissa ev\u00e4steet ovat teknisesti tarpeettomia, mutta niist\u00e4 on hy\u00f6ty\u00e4 k\u00e4ytt\u00e4j\u00e4lle. T\u00e4m\u00e4 verkkosivusto ei asenna tarpeettomia ev\u00e4steit\u00e4 ilman k\u00e4ytt\u00e4j\u00e4n ennakkosuostumusta.<br \/>K\u00e4ytt\u00e4j\u00e4ll\u00e4 on mahdollisuus m\u00e4\u00e4ritt\u00e4\u00e4 selaimensa niin, ett\u00e4 h\u00e4n saa ilmoituksen ev\u00e4steiden vastaanottamisesta ja voi est\u00e4\u00e4 niiden asentamisen tietokoneelleen. Katso lis\u00e4tietoja selaimesi ohjeista.<br \/>Linkkipolitiikka:<br \/>Verkkosivustolta saatetaan ohjata sinut kolmansien osapuolten verkkosivustojen sis\u00e4lt\u00f6\u00f6n. Koska VASTUULLINEN ei voi aina valvoa kolmansien osapuolten omilla verkkosivustoillaan julkaisemaa sis\u00e4lt\u00f6\u00e4, se ei ota mink\u00e4\u00e4nlaista vastuuta t\u00e4st\u00e4 sis\u00e4ll\u00f6st\u00e4. Joka tapauksessa se poistaa v\u00e4litt\u00f6m\u00e4sti kaiken sis\u00e4ll\u00f6n, joka saattaa rikkoa kansallista tai kansainv\u00e4list\u00e4 lains\u00e4\u00e4d\u00e4nt\u00f6\u00e4, moraalia tai yleist\u00e4 j\u00e4rjestyst\u00e4, poistamalla v\u00e4litt\u00f6m\u00e4sti uudelleenohjauksen t\u00e4lle verkkosivustolle ja ilmoittamalla toimivaltaisille viranomaisille kyseisest\u00e4 sis\u00e4ll\u00f6st\u00e4.<br \/>VASTUULLINEN ei ole vastuussa tallennetuista tiedoista ja sis\u00e4ll\u00f6st\u00e4, mukaan lukien, mutta ei rajoittuen, foorumit, chatit, blogit, kommentit, sosiaaliset verkostot tai muut keinot, joiden avulla kolmannet osapuolet voivat itsen\u00e4isesti julkaista sis\u00e4lt\u00f6\u00e4 VASTUULLISEN verkkosivustolla. Kuitenkin ja LSSICE:n 11 ja 16 artiklan s\u00e4\u00e4nn\u00f6sten mukaisesti kaikkien k\u00e4ytt\u00e4jien, viranomaisten ja turvallisuusjoukkojen k\u00e4ytett\u00e4viss\u00e4 on aktiivinen yhteisty\u00f6 kaikkien sellaisten sis\u00e4lt\u00f6jen poistamiseksi tai tarvittaessa est\u00e4miseksi, jotka voivat vaikuttaa kansalliseen tai kansainv\u00e4liseen lains\u00e4\u00e4d\u00e4nt\u00f6\u00f6n, kolmansien osapuolten oikeuksiin tai moraaliin ja yleiseen j\u00e4rjestykseen tai rikkoa niit\u00e4. Jos k\u00e4ytt\u00e4j\u00e4 katsoo, ett\u00e4 verkkosivusto sis\u00e4lt\u00e4\u00e4 materiaalia, joka voidaan luokitella t\u00e4llaiseksi, h\u00e4nen on ilmoitettava siit\u00e4 v\u00e4litt\u00f6m\u00e4sti verkkosivuston yll\u00e4pit\u00e4j\u00e4lle.<br \/>T\u00e4m\u00e4 verkkosivusto on tarkistettu ja testattu sen varmistamiseksi, ett\u00e4 se toimii oikein. Periaatteessa voidaan taata, ett\u00e4 se toimii moitteettomasti 365 p\u00e4iv\u00e4\u00e4 vuodessa, 24 tuntia vuorokaudessa. VASTUULLINEN ei kuitenkaan sulje pois ohjelmointivirheiden mahdollisuutta tai ylivoimaisen esteen, luonnonkatastrofien, lakkojen tai vastaavien olosuhteiden esiintymist\u00e4, jotka tekev\u00e4t verkkosivuston k\u00e4yt\u00f6n mahdottomaksi.<\/p><p>IP-osoitteet:<br \/>Verkkosivuston palvelimet pystyv\u00e4t automaattisesti tunnistamaan k\u00e4ytt\u00e4j\u00e4n k\u00e4ytt\u00e4m\u00e4n IP-osoitteen ja verkkotunnuksen. IP-osoite on numero, joka annetaan tietokoneelle automaattisesti heti, kun se muodostaa yhteyden Internetiin. Kaikki n\u00e4m\u00e4 tiedot tallennetaan palvelimen toimintatiedostoon, jonka avulla tietoja voidaan k\u00e4sitell\u00e4 edelleen puhtaasti tilastollisten mittausten suorittamiseksi, jotta voidaan m\u00e4\u00e4ritt\u00e4\u00e4 sivulatausten m\u00e4\u00e4r\u00e4, verkkopalvelimilla tehtyjen k\u00e4yntien m\u00e4\u00e4r\u00e4, k\u00e4yntien j\u00e4rjestys, k\u00e4ytt\u00f6paikka jne.<\/p><p><strong>4. SOVELLETTAVA LAKI JA TOIMIVALTA<\/strong><br \/>Kaikkien t\u00e4t\u00e4 verkkosivustoa tai sen toimintaa koskevien riitojen tai kysymysten ratkaisemiseen sovelletaan Espanjan lakia, johon osapuolet nimenomaisesti alistuvat ja jolla on riitt\u00e4v\u00e4 toimivalta ratkaista kaikki sen k\u00e4yt\u00f6st\u00e4 aiheutuvat tai siihen liittyv\u00e4t riidat Barcelonan kotipaikan tai velvoitteen suorituspaikan tuomioistuimissa ja tuomioistuimissa.<\/p>\t\t\t\t\t\t\t\t<\/div>\n\t\t\t\t\t<\/div>\n\t\t\t\t<\/div>\n\t\t\t\t<\/div>","protected":false},"excerpt":{"rendered":"<p>GLOBAL WINE PARTNERS. S.L., responsible for the website, hereinafter the RESPONSIBLE, makes this document available to users, with which it intends to enforce the obligations established by Law 34\/2002, of July 11, Services of the Information Society and Electronic Commerce (LSSICE), BOE No. 166, as well as inform all users of the website about what [&hellip;]<\/p>","protected":false},"author":1,"featured_media":0,"parent":0,"menu_order":0,"comment_status":"closed","ping_status":"closed","template":"","meta":{"footnotes":""},"class_list":["post-161","page","type-page","status-publish","hentry"],"yoast_head":"<!-- This site is optimized with the Yoast SEO plugin v26.4 - https:\/\/yoast.com\/wordpress\/plugins\/seo\/ -->\n<title>Legal advice - fridawines.com<\/title>\n<meta name=\"robots\" content=\"index, follow, max-snippet:-1, max-image-preview:large, max-video-preview:-1\" \/>\n<link rel=\"canonical\" href=\"https:\/\/fridawines.com\/fi\/legal-advice\/\" \/>\n<meta property=\"og:locale\" content=\"fi_FI\" \/>\n<meta property=\"og:type\" content=\"article\" \/>\n<meta property=\"og:title\" content=\"Legal advice - fridawines.com\" \/>\n<meta property=\"og:description\" content=\"GLOBAL WINE PARTNERS. S.L., responsible for the website, hereinafter the RESPONSIBLE, makes this document available to users, with which it intends to enforce the obligations established by Law 34\/2002, of July 11, Services of the Information Society and Electronic Commerce (LSSICE), BOE No. 166, as well as inform all users of the website about what [&hellip;]\" \/>\n<meta property=\"og:url\" content=\"https:\/\/fridawines.com\/fi\/legal-advice\/\" \/>\n<meta property=\"og:site_name\" content=\"fridawines.com\" \/>\n<meta property=\"article:modified_time\" content=\"2025-08-27T18:12:39+00:00\" \/>\n<meta name=\"twitter:card\" content=\"summary_large_image\" \/>\n<meta name=\"twitter:label1\" content=\"Arvioitu lukuaika\" \/>\n\t<meta name=\"twitter:data1\" content=\"6 minuuttia\" \/>\n<script type=\"application\/ld+json\" class=\"yoast-schema-graph\">{\"@context\":\"https:\/\/schema.org\",\"@graph\":[{\"@type\":\"WebPage\",\"@id\":\"https:\/\/fridawines.com\/legal-advice\/\",\"url\":\"https:\/\/fridawines.com\/legal-advice\/\",\"name\":\"Legal advice - fridawines.com\",\"isPartOf\":{\"@id\":\"https:\/\/fridawines.com\/#website\"},\"datePublished\":\"2025-08-26T17:41:26+00:00\",\"dateModified\":\"2025-08-27T18:12:39+00:00\",\"breadcrumb\":{\"@id\":\"https:\/\/fridawines.com\/legal-advice\/#breadcrumb\"},\"inLanguage\":\"fi\",\"potentialAction\":[{\"@type\":\"ReadAction\",\"target\":[\"https:\/\/fridawines.com\/legal-advice\/\"]}]},{\"@type\":\"BreadcrumbList\",\"@id\":\"https:\/\/fridawines.com\/legal-advice\/#breadcrumb\",\"itemListElement\":[{\"@type\":\"ListItem\",\"position\":1,\"name\":\"Portada\",\"item\":\"https:\/\/fridawines.com\/\"},{\"@type\":\"ListItem\",\"position\":2,\"name\":\"Legal advice\"}]},{\"@type\":\"WebSite\",\"@id\":\"https:\/\/fridawines.com\/#website\",\"url\":\"https:\/\/fridawines.com\/\",\"name\":\"fridawines.com\",\"description\":\"\",\"publisher\":{\"@id\":\"https:\/\/fridawines.com\/#organization\"},\"potentialAction\":[{\"@type\":\"SearchAction\",\"target\":{\"@type\":\"EntryPoint\",\"urlTemplate\":\"https:\/\/fridawines.com\/?s={search_term_string}\"},\"query-input\":{\"@type\":\"PropertyValueSpecification\",\"valueRequired\":true,\"valueName\":\"search_term_string\"}}],\"inLanguage\":\"fi\"},{\"@type\":\"Organization\",\"@id\":\"https:\/\/fridawines.com\/#organization\",\"name\":\"fridawines.com\",\"url\":\"https:\/\/fridawines.com\/\",\"logo\":{\"@type\":\"ImageObject\",\"inLanguage\":\"fi\",\"@id\":\"https:\/\/fridawines.com\/#\/schema\/logo\/image\/\",\"url\":\"https:\/\/fridawines.com\/wp-content\/uploads\/2025\/08\/logo-frida-OW.png\",\"contentUrl\":\"https:\/\/fridawines.com\/wp-content\/uploads\/2025\/08\/logo-frida-OW.png\",\"width\":762,\"height\":656,\"caption\":\"fridawines.com\"},\"image\":{\"@id\":\"https:\/\/fridawines.com\/#\/schema\/logo\/image\/\"}}]}<\/script>\n<!-- \/ Yoast SEO plugin. -->","yoast_head_json":{"title":"Legal advice - fridawines.com","robots":{"index":"index","follow":"follow","max-snippet":"max-snippet:-1","max-image-preview":"max-image-preview:large","max-video-preview":"max-video-preview:-1"},"canonical":"https:\/\/fridawines.com\/fi\/legal-advice\/","og_locale":"fi_FI","og_type":"article","og_title":"Legal advice - fridawines.com","og_description":"GLOBAL WINE PARTNERS. S.L., responsible for the website, hereinafter the RESPONSIBLE, makes this document available to users, with which it intends to enforce the obligations established by Law 34\/2002, of July 11, Services of the Information Society and Electronic Commerce (LSSICE), BOE No. 166, as well as inform all users of the website about what [&hellip;]","og_url":"https:\/\/fridawines.com\/fi\/legal-advice\/","og_site_name":"fridawines.com","article_modified_time":"2025-08-27T18:12:39+00:00","twitter_card":"summary_large_image","twitter_misc":{"Arvioitu lukuaika":"6 minuuttia"},"schema":{"@context":"https:\/\/schema.org","@graph":[{"@type":"WebPage","@id":"https:\/\/fridawines.com\/legal-advice\/","url":"https:\/\/fridawines.com\/legal-advice\/","name":"Legal advice - fridawines.com","isPartOf":{"@id":"https:\/\/fridawines.com\/#website"},"datePublished":"2025-08-26T17:41:26+00:00","dateModified":"2025-08-27T18:12:39+00:00","breadcrumb":{"@id":"https:\/\/fridawines.com\/legal-advice\/#breadcrumb"},"inLanguage":"fi","potentialAction":[{"@type":"ReadAction","target":["https:\/\/fridawines.com\/legal-advice\/"]}]},{"@type":"BreadcrumbList","@id":"https:\/\/fridawines.com\/legal-advice\/#breadcrumb","itemListElement":[{"@type":"ListItem","position":1,"name":"Portada","item":"https:\/\/fridawines.com\/"},{"@type":"ListItem","position":2,"name":"Legal advice"}]},{"@type":"WebSite","@id":"https:\/\/fridawines.com\/#website","url":"https:\/\/fridawines.com\/","name":"fridawines.com","description":"","publisher":{"@id":"https:\/\/fridawines.com\/#organization"},"potentialAction":[{"@type":"SearchAction","target":{"@type":"EntryPoint","urlTemplate":"https:\/\/fridawines.com\/?s={search_term_string}"},"query-input":{"@type":"PropertyValueSpecification","valueRequired":true,"valueName":"search_term_string"}}],"inLanguage":"fi"},{"@type":"Organization","@id":"https:\/\/fridawines.com\/#organization","name":"fridawines.com","url":"https:\/\/fridawines.com\/","logo":{"@type":"ImageObject","inLanguage":"fi","@id":"https:\/\/fridawines.com\/#\/schema\/logo\/image\/","url":"https:\/\/fridawines.com\/wp-content\/uploads\/2025\/08\/logo-frida-OW.png","contentUrl":"https:\/\/fridawines.com\/wp-content\/uploads\/2025\/08\/logo-frida-OW.png","width":762,"height":656,"caption":"fridawines.com"},"image":{"@id":"https:\/\/fridawines.com\/#\/schema\/logo\/image\/"}}]}},"_links":{"self":[{"href":"https:\/\/fridawines.com\/fi\/wp-json\/wp\/v2\/pages\/161","targetHints":{"allow":["GET"]}}],"collection":[{"href":"https:\/\/fridawines.com\/fi\/wp-json\/wp\/v2\/pages"}],"about":[{"href":"https:\/\/fridawines.com\/fi\/wp-json\/wp\/v2\/types\/page"}],"author":[{"embeddable":true,"href":"https:\/\/fridawines.com\/fi\/wp-json\/wp\/v2\/users\/1"}],"replies":[{"embeddable":true,"href":"https:\/\/fridawines.com\/fi\/wp-json\/wp\/v2\/comments?post=161"}],"version-history":[{"count":13,"href":"https:\/\/fridawines.com\/fi\/wp-json\/wp\/v2\/pages\/161\/revisions"}],"predecessor-version":[{"id":221,"href":"https:\/\/fridawines.com\/fi\/wp-json\/wp\/v2\/pages\/161\/revisions\/221"}],"wp:attachment":[{"href":"https:\/\/fridawines.com\/fi\/wp-json\/wp\/v2\/media?parent=161"}],"curies":[{"name":"wp","href":"https:\/\/api.w.org\/{rel}","templated":true}]}}